{"id":6213,"date":"2026-02-17T11:59:44","date_gmt":"2026-02-17T11:59:44","guid":{"rendered":"https:\/\/arazpiercingjewellery.com\/?post_type=product&#038;p=6213"},"modified":"2026-02-19T10:54:39","modified_gmt":"2026-02-19T10:54:39","slug":"flare","status":"publish","type":"product","link":"https:\/\/arazpiercingjewellery.com\/de\/shop\/flare\/","title":{"rendered":"Flare"},"content":{"rendered":"","protected":false},"excerpt":{"rendered":"<p>Damla ta\u015f\u0131n zarafeti ve alt\u0131n\u0131n l\u00fcks \u0131\u015f\u0131lt\u0131s\u0131 tek bir par\u00e7ada: <b data-path-to-node=\"6,0\" data-index-in-node=\"63\">Flare<\/b>.<\/p>","protected":false},"featured_media":6226,"comment_status":"open","ping_status":"closed","template":"","meta":[],"product_cat":[46],"product_tag":[],"class_list":{"0":"post-6213","1":"product","2":"type-product","3":"status-publish","4":"has-post-thumbnail","6":"product_cat-halka-piercing","8":"first","9":"instock","10":"taxable","11":"shipping-taxable","12":"purchasable","13":"product-type-simple"},"aioseo_notices":[],"_links":{"self":[{"href":"https:\/\/arazpiercingjewellery.com\/de\/wp-json\/wp\/v2\/product\/6213","targetHints":{"allow":["GET"]}}],"collection":[{"href":"https:\/\/arazpiercingjewellery.com\/de\/wp-json\/wp\/v2\/product"}],"about":[{"href":"https:\/\/arazpiercingjewellery.com\/de\/wp-json\/wp\/v2\/types\/product"}],"replies":[{"embeddable":true,"href":"https:\/\/arazpiercingjewellery.com\/de\/wp-json\/wp\/v2\/comments?post=6213"}],"version-history":[{"count":1,"href":"https:\/\/arazpiercingjewellery.com\/de\/wp-json\/wp\/v2\/product\/6213\/revisions"}],"predecessor-version":[{"id":6218,"href":"https:\/\/arazpiercingjewellery.com\/de\/wp-json\/wp\/v2\/product\/6213\/revisions\/6218"}],"wp:featuredmedia":[{"embeddable":true,"href":"https:\/\/arazpiercingjewellery.com\/de\/wp-json\/wp\/v2\/media\/6226"}],"wp:attachment":[{"href":"https:\/\/arazpiercingjewellery.com\/de\/wp-json\/wp\/v2\/media?parent=6213"}],"wp:term":[{"taxonomy":"product_cat","embeddable":true,"href":"https:\/\/arazpiercingjewellery.com\/de\/wp-json\/wp\/v2\/product_cat?post=6213"},{"taxonomy":"product_tag","embeddable":true,"href":"https:\/\/arazpiercingjewellery.com\/de\/wp-json\/wp\/v2\/product_tag?post=6213"}],"curies":[{"name":"wp","href":"https:\/\/api.w.org\/{rel}","templated":true}]}}