{"id":6122,"date":"2026-01-20T11:59:36","date_gmt":"2026-01-20T11:59:36","guid":{"rendered":"https:\/\/arazpiercingjewellery.com\/?post_type=product&#038;p=6122"},"modified":"2026-01-20T11:59:36","modified_gmt":"2026-01-20T11:59:36","slug":"diamond-prism","status":"publish","type":"product","link":"https:\/\/arazpiercingjewellery.com\/de\/shop\/diamond-prism\/","title":{"rendered":"Diamond Prism"},"content":{"rendered":"<p><b data-path-to-node=\"7\" data-index-in-node=\"15\">Diamond Prism<\/b>, s\u0131radan dairesel formlar\u0131n \u00f6tesine ge\u00e7erek stilinize keskin ve modern bir boyut kazand\u0131r\u0131yor. I\u015f\u0131\u011f\u0131 her a\u00e7\u0131dan yakalamak i\u00e7in ustaca dizilmi\u015f ta\u015flar\u0131 ve a\u015fa\u011f\u0131 do\u011fru s\u00fcz\u00fclen ikonik prizma formuyla, modern mimariden ilham alan bir duru\u015f sergiliyor. Hem cesur hem de zarif; \u0131\u015f\u0131\u011f\u0131n\u0131z\u0131 tek bir odak noktas\u0131nda toplay\u0131n.<\/p>","protected":false},"excerpt":{"rendered":"<p>Diamond Prism, s\u0131radan dairesel formlar\u0131n \u00f6tesine ge\u00e7erek stilinize keskin ve modern bir boyut kazand\u0131r\u0131yor. I\u015f\u0131\u011f\u0131 her a\u00e7\u0131dan yakalamak&hellip;<\/p>","protected":false},"featured_media":6124,"comment_status":"open","ping_status":"closed","template":"","meta":[],"product_cat":[46],"product_tag":[],"class_list":{"0":"post-6122","1":"product","2":"type-product","3":"status-publish","4":"has-post-thumbnail","6":"product_cat-halka-piercing","8":"first","9":"instock","10":"taxable","11":"shipping-taxable","12":"purchasable","13":"product-type-simple"},"aioseo_notices":[],"_links":{"self":[{"href":"https:\/\/arazpiercingjewellery.com\/de\/wp-json\/wp\/v2\/product\/6122","targetHints":{"allow":["GET"]}}],"collection":[{"href":"https:\/\/arazpiercingjewellery.com\/de\/wp-json\/wp\/v2\/product"}],"about":[{"href":"https:\/\/arazpiercingjewellery.com\/de\/wp-json\/wp\/v2\/types\/product"}],"replies":[{"embeddable":true,"href":"https:\/\/arazpiercingjewellery.com\/de\/wp-json\/wp\/v2\/comments?post=6122"}],"version-history":[{"count":1,"href":"https:\/\/arazpiercingjewellery.com\/de\/wp-json\/wp\/v2\/product\/6122\/revisions"}],"predecessor-version":[{"id":6125,"href":"https:\/\/arazpiercingjewellery.com\/de\/wp-json\/wp\/v2\/product\/6122\/revisions\/6125"}],"wp:featuredmedia":[{"embeddable":true,"href":"https:\/\/arazpiercingjewellery.com\/de\/wp-json\/wp\/v2\/media\/6124"}],"wp:attachment":[{"href":"https:\/\/arazpiercingjewellery.com\/de\/wp-json\/wp\/v2\/media?parent=6122"}],"wp:term":[{"taxonomy":"product_cat","embeddable":true,"href":"https:\/\/arazpiercingjewellery.com\/de\/wp-json\/wp\/v2\/product_cat?post=6122"},{"taxonomy":"product_tag","embeddable":true,"href":"https:\/\/arazpiercingjewellery.com\/de\/wp-json\/wp\/v2\/product_tag?post=6122"}],"curies":[{"name":"wp","href":"https:\/\/api.w.org\/{rel}","templated":true}]}}