{"id":6112,"date":"2026-01-20T11:08:33","date_gmt":"2026-01-20T11:08:33","guid":{"rendered":"https:\/\/arazpiercingjewellery.com\/?post_type=product&#038;p=6112"},"modified":"2026-02-19T10:59:42","modified_gmt":"2026-02-19T10:59:42","slug":"crystal-flutter","status":"publish","type":"product","link":"https:\/\/arazpiercingjewellery.com\/de\/shop\/crystal-flutter\/","title":{"rendered":"Crystal Flutter"},"content":{"rendered":"<p>Do\u011fan\u0131n en zarif dans\u0131, kula\u011f\u0131n\u0131zda \u00f6l\u00fcms\u00fczle\u015fiyor. <b data-path-to-node=\"2\" data-index-in-node=\"53\">Crystal Flutter<\/b>, sar\u0131 alt\u0131n\u0131n (gold) s\u0131cakl\u0131\u011f\u0131yla \u015fekillenen narin, kafes i\u015f\u00e7ilikli (ajur) kanat detaylar\u0131yla dikkat \u00e7eker. Kelebe\u011fin g\u00f6vdesini olu\u015fturan dikey dizilmi\u015f \u00fc\u00e7 adet parlak kristal ta\u015f, bu havadar tasar\u0131ma \u0131\u015f\u0131lt\u0131l\u0131 bir merkez noktas\u0131 kazand\u0131r\u0131r. Hem hafif hem de g\u00f6z al\u0131c\u0131 olan bu par\u00e7a, helix, flat veya kulak memesinde (lobe) sanki her an havalanacakm\u0131\u015f gibi canl\u0131 ve romantik bir duru\u015f sergiler.<\/p>","protected":false},"excerpt":{"rendered":"<p>Do\u011fan\u0131n en zarif dans\u0131, kula\u011f\u0131n\u0131zda \u00f6l\u00fcms\u00fczle\u015fiyor. Crystal Flutter, sar\u0131 alt\u0131n\u0131n (gold) s\u0131cakl\u0131\u011f\u0131yla \u015fekillenen narin, kafes i\u015f\u00e7ilikli (ajur) kanat&hellip;<\/p>","protected":false},"featured_media":6114,"comment_status":"open","ping_status":"closed","template":"","meta":[],"product_cat":[39],"product_tag":[],"class_list":{"0":"post-6112","1":"product","2":"type-product","3":"status-publish","4":"has-post-thumbnail","6":"product_cat-tragus","8":"first","9":"instock","10":"taxable","11":"shipping-taxable","12":"purchasable","13":"product-type-simple"},"aioseo_notices":[],"_links":{"self":[{"href":"https:\/\/arazpiercingjewellery.com\/de\/wp-json\/wp\/v2\/product\/6112","targetHints":{"allow":["GET"]}}],"collection":[{"href":"https:\/\/arazpiercingjewellery.com\/de\/wp-json\/wp\/v2\/product"}],"about":[{"href":"https:\/\/arazpiercingjewellery.com\/de\/wp-json\/wp\/v2\/types\/product"}],"replies":[{"embeddable":true,"href":"https:\/\/arazpiercingjewellery.com\/de\/wp-json\/wp\/v2\/comments?post=6112"}],"version-history":[{"count":1,"href":"https:\/\/arazpiercingjewellery.com\/de\/wp-json\/wp\/v2\/product\/6112\/revisions"}],"predecessor-version":[{"id":6116,"href":"https:\/\/arazpiercingjewellery.com\/de\/wp-json\/wp\/v2\/product\/6112\/revisions\/6116"}],"wp:featuredmedia":[{"embeddable":true,"href":"https:\/\/arazpiercingjewellery.com\/de\/wp-json\/wp\/v2\/media\/6114"}],"wp:attachment":[{"href":"https:\/\/arazpiercingjewellery.com\/de\/wp-json\/wp\/v2\/media?parent=6112"}],"wp:term":[{"taxonomy":"product_cat","embeddable":true,"href":"https:\/\/arazpiercingjewellery.com\/de\/wp-json\/wp\/v2\/product_cat?post=6112"},{"taxonomy":"product_tag","embeddable":true,"href":"https:\/\/arazpiercingjewellery.com\/de\/wp-json\/wp\/v2\/product_tag?post=6112"}],"curies":[{"name":"wp","href":"https:\/\/api.w.org\/{rel}","templated":true}]}}