{"id":6108,"date":"2026-01-20T11:01:14","date_gmt":"2026-01-20T11:01:14","guid":{"rendered":"https:\/\/arazpiercingjewellery.com\/?post_type=product&#038;p=6108"},"modified":"2026-02-19T10:59:58","modified_gmt":"2026-02-19T10:59:58","slug":"sparkly-cherry","status":"publish","type":"product","link":"https:\/\/arazpiercingjewellery.com\/de\/shop\/sparkly-cherry\/","title":{"rendered":"Sparkly Cherry"},"content":{"rendered":"<p>Kula\u011f\u0131n\u0131zda do\u011fan\u0131n en tatl\u0131 ve \u0131\u015f\u0131lt\u0131l\u0131 hali. <b data-path-to-node=\"2\" data-index-in-node=\"48\">Sparkly Cherry<\/b>, ne\u015feli bir kiraz fig\u00fcr\u00fcn\u00fc l\u00fcks bir m\u00fccevher zarafetiyle sunar. Alt\u0131n\u0131n (gold) s\u0131cak par\u0131lt\u0131s\u0131yla \u015fekillenen bu sevimli tasar\u0131m, y\u00fczeyini kaplayan parlak kristal ta\u015flar\u0131n (pave) g\u00f6z al\u0131c\u0131 oyunuyla hayat bulur. Hem e\u011flenceli hem de sofistike bir duru\u015fa sahip olan bu par\u00e7a, helix, kulak memesi (lobe) veya flat gibi b\u00f6lgelerde stilinize gen\u00e7 ve enerjik bir dokunu\u015f katar. G\u00fcnl\u00fck kombinlerinizin en tatl\u0131 tamamlay\u0131c\u0131s\u0131 olacak bu \u0131\u015f\u0131lt\u0131l\u0131 meyveyle, enerjinizi d\u0131\u015fa vurun<\/p>","protected":false},"excerpt":{"rendered":"<p>Kula\u011f\u0131n\u0131zda do\u011fan\u0131n en tatl\u0131 ve \u0131\u015f\u0131lt\u0131l\u0131 hali. Sparkly Cherry, ne\u015feli bir kiraz fig\u00fcr\u00fcn\u00fc l\u00fcks bir m\u00fccevher zarafetiyle sunar.&hellip;<\/p>","protected":false},"featured_media":6110,"comment_status":"open","ping_status":"closed","template":"","meta":[],"product_cat":[39],"product_tag":[],"class_list":{"0":"post-6108","1":"product","2":"type-product","3":"status-publish","4":"has-post-thumbnail","6":"product_cat-tragus","8":"first","9":"instock","10":"taxable","11":"shipping-taxable","12":"purchasable","13":"product-type-simple"},"aioseo_notices":[],"_links":{"self":[{"href":"https:\/\/arazpiercingjewellery.com\/de\/wp-json\/wp\/v2\/product\/6108","targetHints":{"allow":["GET"]}}],"collection":[{"href":"https:\/\/arazpiercingjewellery.com\/de\/wp-json\/wp\/v2\/product"}],"about":[{"href":"https:\/\/arazpiercingjewellery.com\/de\/wp-json\/wp\/v2\/types\/product"}],"replies":[{"embeddable":true,"href":"https:\/\/arazpiercingjewellery.com\/de\/wp-json\/wp\/v2\/comments?post=6108"}],"version-history":[{"count":1,"href":"https:\/\/arazpiercingjewellery.com\/de\/wp-json\/wp\/v2\/product\/6108\/revisions"}],"predecessor-version":[{"id":6111,"href":"https:\/\/arazpiercingjewellery.com\/de\/wp-json\/wp\/v2\/product\/6108\/revisions\/6111"}],"wp:featuredmedia":[{"embeddable":true,"href":"https:\/\/arazpiercingjewellery.com\/de\/wp-json\/wp\/v2\/media\/6110"}],"wp:attachment":[{"href":"https:\/\/arazpiercingjewellery.com\/de\/wp-json\/wp\/v2\/media?parent=6108"}],"wp:term":[{"taxonomy":"product_cat","embeddable":true,"href":"https:\/\/arazpiercingjewellery.com\/de\/wp-json\/wp\/v2\/product_cat?post=6108"},{"taxonomy":"product_tag","embeddable":true,"href":"https:\/\/arazpiercingjewellery.com\/de\/wp-json\/wp\/v2\/product_tag?post=6108"}],"curies":[{"name":"wp","href":"https:\/\/api.w.org\/{rel}","templated":true}]}}