{"id":6104,"date":"2026-01-20T10:57:02","date_gmt":"2026-01-20T10:57:02","guid":{"rendered":"https:\/\/arazpiercingjewellery.com\/?post_type=product&#038;p=6104"},"modified":"2026-02-19T11:00:28","modified_gmt":"2026-02-19T11:00:28","slug":"golden-cross-stud","status":"publish","type":"product","link":"https:\/\/arazpiercingjewellery.com\/de\/shop\/golden-cross-stud\/","title":{"rendered":"Golden Cross Stud"},"content":{"rendered":"<p>\u0130nanc\u0131n ve stilin zamans\u0131z bulu\u015fmas\u0131. <b data-path-to-node=\"4\" data-index-in-node=\"39\">Golden Cross Stud<\/b>, klasik ha\u00e7 sembol\u00fcn\u00fc sar\u0131 alt\u0131n\u0131n (gold) s\u0131cak \u0131\u015f\u0131lt\u0131s\u0131yla birle\u015ftirir. Ha\u00e7\u0131n y\u00fczeyine \u00f6zenle yerle\u015ftirilmi\u015f parlak kristal ta\u015flar, bu anlaml\u0131 fig\u00fcre zarif bir par\u0131lt\u0131 katar. Minimalist boyutlar\u0131 sayesinde tragus, helix veya kulak memesinde (lobe) tek ba\u015f\u0131na zarif bir ifade yaratabilir veya di\u011fer k\u00fcpelerinizle m\u00fckemmel bir \u015fekilde kombinleyebilirsiniz.<\/p>","protected":false},"excerpt":{"rendered":"<p>\u0130nanc\u0131n ve stilin zamans\u0131z bulu\u015fmas\u0131. Golden Cross Stud, klasik ha\u00e7 sembol\u00fcn\u00fc sar\u0131 alt\u0131n\u0131n (gold) s\u0131cak \u0131\u015f\u0131lt\u0131s\u0131yla birle\u015ftirir. Ha\u00e7\u0131n&hellip;<\/p>","protected":false},"featured_media":6106,"comment_status":"open","ping_status":"closed","template":"","meta":[],"product_cat":[39],"product_tag":[],"class_list":{"0":"post-6104","1":"product","2":"type-product","3":"status-publish","4":"has-post-thumbnail","6":"product_cat-tragus","8":"first","9":"instock","10":"taxable","11":"shipping-taxable","12":"purchasable","13":"product-type-simple"},"aioseo_notices":[],"_links":{"self":[{"href":"https:\/\/arazpiercingjewellery.com\/de\/wp-json\/wp\/v2\/product\/6104","targetHints":{"allow":["GET"]}}],"collection":[{"href":"https:\/\/arazpiercingjewellery.com\/de\/wp-json\/wp\/v2\/product"}],"about":[{"href":"https:\/\/arazpiercingjewellery.com\/de\/wp-json\/wp\/v2\/types\/product"}],"replies":[{"embeddable":true,"href":"https:\/\/arazpiercingjewellery.com\/de\/wp-json\/wp\/v2\/comments?post=6104"}],"version-history":[{"count":1,"href":"https:\/\/arazpiercingjewellery.com\/de\/wp-json\/wp\/v2\/product\/6104\/revisions"}],"predecessor-version":[{"id":6107,"href":"https:\/\/arazpiercingjewellery.com\/de\/wp-json\/wp\/v2\/product\/6104\/revisions\/6107"}],"wp:featuredmedia":[{"embeddable":true,"href":"https:\/\/arazpiercingjewellery.com\/de\/wp-json\/wp\/v2\/media\/6106"}],"wp:attachment":[{"href":"https:\/\/arazpiercingjewellery.com\/de\/wp-json\/wp\/v2\/media?parent=6104"}],"wp:term":[{"taxonomy":"product_cat","embeddable":true,"href":"https:\/\/arazpiercingjewellery.com\/de\/wp-json\/wp\/v2\/product_cat?post=6104"},{"taxonomy":"product_tag","embeddable":true,"href":"https:\/\/arazpiercingjewellery.com\/de\/wp-json\/wp\/v2\/product_tag?post=6104"}],"curies":[{"name":"wp","href":"https:\/\/api.w.org\/{rel}","templated":true}]}}