{"id":6100,"date":"2026-01-20T10:30:52","date_gmt":"2026-01-20T10:30:52","guid":{"rendered":"https:\/\/arazpiercingjewellery.com\/?post_type=product&#038;p=6100"},"modified":"2026-02-19T11:00:41","modified_gmt":"2026-02-19T11:00:41","slug":"celestial-arc-stud","status":"publish","type":"product","link":"https:\/\/arazpiercingjewellery.com\/de\/shop\/celestial-arc-stud\/","title":{"rendered":"Celestial Arc Stud"},"content":{"rendered":"<p>Kula\u011f\u0131n\u0131z\u0131n k\u0131vr\u0131mlar\u0131n\u0131 takip eden \u0131\u015f\u0131lt\u0131l\u0131 bir yol. <b data-path-to-node=\"4\" data-index-in-node=\"55\">Celestial Arc Stud<\/b>, p\u00fcr\u00fczs\u00fcz alt\u0131n (gold) kavisli bir bar\u0131n iki ucuna yerle\u015ftirilmi\u015f, \u0131\u015f\u0131\u011f\u0131 m\u00fckemmel yans\u0131tan zarif kristal ta\u015f k\u00fcmeleriyle (clusters) hayat bulur. Bu sofistike tasar\u0131m, \u00f6zellikle helix, conch veya kulak kep\u00e7esinin do\u011fal hatlar\u0131na uyum sa\u011flayarak, tak\u0131ld\u0131\u011f\u0131 b\u00f6lgeyi adeta bir \u0131\u015f\u0131k k\u00f6pr\u00fcs\u00fc gibi sarar. Modern zarafeti ve g\u00f6z al\u0131c\u0131 parlakl\u0131\u011f\u0131yla stilinize g\u00f6ksel bir dokunu\u015f kat\u0131n.<\/p>","protected":false},"excerpt":{"rendered":"<p>Kula\u011f\u0131n\u0131z\u0131n k\u0131vr\u0131mlar\u0131n\u0131 takip eden \u0131\u015f\u0131lt\u0131l\u0131 bir yol. Celestial Arc Stud, p\u00fcr\u00fczs\u00fcz alt\u0131n (gold) kavisli bir bar\u0131n iki ucuna&hellip;<\/p>","protected":false},"featured_media":6101,"comment_status":"open","ping_status":"closed","template":"","meta":[],"product_cat":[39],"product_tag":[],"class_list":{"0":"post-6100","1":"product","2":"type-product","3":"status-publish","4":"has-post-thumbnail","6":"product_cat-tragus","8":"first","9":"instock","10":"taxable","11":"shipping-taxable","12":"purchasable","13":"product-type-simple"},"aioseo_notices":[],"_links":{"self":[{"href":"https:\/\/arazpiercingjewellery.com\/de\/wp-json\/wp\/v2\/product\/6100","targetHints":{"allow":["GET"]}}],"collection":[{"href":"https:\/\/arazpiercingjewellery.com\/de\/wp-json\/wp\/v2\/product"}],"about":[{"href":"https:\/\/arazpiercingjewellery.com\/de\/wp-json\/wp\/v2\/types\/product"}],"replies":[{"embeddable":true,"href":"https:\/\/arazpiercingjewellery.com\/de\/wp-json\/wp\/v2\/comments?post=6100"}],"version-history":[{"count":1,"href":"https:\/\/arazpiercingjewellery.com\/de\/wp-json\/wp\/v2\/product\/6100\/revisions"}],"predecessor-version":[{"id":6103,"href":"https:\/\/arazpiercingjewellery.com\/de\/wp-json\/wp\/v2\/product\/6100\/revisions\/6103"}],"wp:featuredmedia":[{"embeddable":true,"href":"https:\/\/arazpiercingjewellery.com\/de\/wp-json\/wp\/v2\/media\/6101"}],"wp:attachment":[{"href":"https:\/\/arazpiercingjewellery.com\/de\/wp-json\/wp\/v2\/media?parent=6100"}],"wp:term":[{"taxonomy":"product_cat","embeddable":true,"href":"https:\/\/arazpiercingjewellery.com\/de\/wp-json\/wp\/v2\/product_cat?post=6100"},{"taxonomy":"product_tag","embeddable":true,"href":"https:\/\/arazpiercingjewellery.com\/de\/wp-json\/wp\/v2\/product_tag?post=6100"}],"curies":[{"name":"wp","href":"https:\/\/api.w.org\/{rel}","templated":true}]}}