{"id":6096,"date":"2026-01-20T10:23:06","date_gmt":"2026-01-20T10:23:06","guid":{"rendered":"https:\/\/arazpiercingjewellery.com\/?post_type=product&#038;p=6096"},"modified":"2026-02-19T11:00:58","modified_gmt":"2026-02-19T11:00:58","slug":"golden-cleaver","status":"publish","type":"product","link":"https:\/\/arazpiercingjewellery.com\/de\/shop\/golden-cleaver\/","title":{"rendered":"Golden Cleaver"},"content":{"rendered":"<p>Kula\u011f\u0131n\u0131zdaki en cesur ifade. <b data-path-to-node=\"2\" data-index-in-node=\"31\">Golden Cleaver<\/b>, g\u00fcc\u00fcn ve kararl\u0131l\u0131\u011f\u0131n sembol\u00fc olan balta formunu, sar\u0131 alt\u0131n\u0131n (gold) l\u00fcks dokusuyla yeniden yorumluyor. P\u00fcr\u00fczs\u00fcz alt\u0131n sap ve keskin hatlar, balta ba\u015f\u0131n\u0131n g\u00f6vdesine \u00f6zenle yerle\u015ftirilmi\u015f parlak kristal ta\u015flar\u0131n (pave) \u0131\u015f\u0131lt\u0131s\u0131yla bulu\u015fuyor. Tasar\u0131m\u0131n detaylar\u0131ndaki sivri u\u00e7lar, bu iddial\u0131 par\u00e7aya asi ve modern bir karakter katar. D\u00fcz arka y\u00fczeyi (flat back) sayesinde konforundan \u00f6d\u00fcn vermeyen bu par\u00e7a, helix, flat veya conch gibi b\u00f6lgelerde stilinizin tart\u0131\u015fmas\u0131z lideri olacak.<\/p>","protected":false},"excerpt":{"rendered":"<p>Kula\u011f\u0131n\u0131zdaki en cesur ifade. Golden Cleaver, g\u00fcc\u00fcn ve kararl\u0131l\u0131\u011f\u0131n sembol\u00fc olan balta formunu, sar\u0131 alt\u0131n\u0131n (gold) l\u00fcks dokusuyla&hellip;<\/p>","protected":false},"featured_media":6098,"comment_status":"open","ping_status":"closed","template":"","meta":[],"product_cat":[39],"product_tag":[],"class_list":{"0":"post-6096","1":"product","2":"type-product","3":"status-publish","4":"has-post-thumbnail","6":"product_cat-tragus","8":"first","9":"instock","10":"taxable","11":"shipping-taxable","12":"purchasable","13":"product-type-simple"},"aioseo_notices":[],"_links":{"self":[{"href":"https:\/\/arazpiercingjewellery.com\/de\/wp-json\/wp\/v2\/product\/6096","targetHints":{"allow":["GET"]}}],"collection":[{"href":"https:\/\/arazpiercingjewellery.com\/de\/wp-json\/wp\/v2\/product"}],"about":[{"href":"https:\/\/arazpiercingjewellery.com\/de\/wp-json\/wp\/v2\/types\/product"}],"replies":[{"embeddable":true,"href":"https:\/\/arazpiercingjewellery.com\/de\/wp-json\/wp\/v2\/comments?post=6096"}],"version-history":[{"count":1,"href":"https:\/\/arazpiercingjewellery.com\/de\/wp-json\/wp\/v2\/product\/6096\/revisions"}],"predecessor-version":[{"id":6099,"href":"https:\/\/arazpiercingjewellery.com\/de\/wp-json\/wp\/v2\/product\/6096\/revisions\/6099"}],"wp:featuredmedia":[{"embeddable":true,"href":"https:\/\/arazpiercingjewellery.com\/de\/wp-json\/wp\/v2\/media\/6098"}],"wp:attachment":[{"href":"https:\/\/arazpiercingjewellery.com\/de\/wp-json\/wp\/v2\/media?parent=6096"}],"wp:term":[{"taxonomy":"product_cat","embeddable":true,"href":"https:\/\/arazpiercingjewellery.com\/de\/wp-json\/wp\/v2\/product_cat?post=6096"},{"taxonomy":"product_tag","embeddable":true,"href":"https:\/\/arazpiercingjewellery.com\/de\/wp-json\/wp\/v2\/product_tag?post=6096"}],"curies":[{"name":"wp","href":"https:\/\/api.w.org\/{rel}","templated":true}]}}