{"id":6088,"date":"2026-01-20T10:10:39","date_gmt":"2026-01-20T10:10:39","guid":{"rendered":"https:\/\/arazpiercingjewellery.com\/?post_type=product&#038;p=6088"},"modified":"2026-02-19T11:01:36","modified_gmt":"2026-02-19T11:01:36","slug":"golden-fortune-tragus","status":"publish","type":"product","link":"https:\/\/arazpiercingjewellery.com\/de\/shop\/golden-fortune-tragus\/","title":{"rendered":"Golden Fortune Tragus"},"content":{"rendered":"","protected":false},"excerpt":{"rendered":"<p>\u015eans\u0131n en \u0131\u015f\u0131lt\u0131l\u0131 ve zarif hali. <b data-path-to-node=\"2\" data-index-in-node=\"35\">Golden Fortune Tragus<\/b>, klasik at nal\u0131 (horseshoe) fig\u00fcr\u00fcn\u00fc, sar\u0131 alt\u0131n\u0131n (gold) s\u0131cak par\u0131lt\u0131s\u0131yla sunar. Kavisli y\u00fczeyi boyunca \u00f6zenle dizilmi\u015f parlak kristal ta\u015flar, bu kadim u\u011fur sembol\u00fcne modern ve l\u00fcks bir \u0131\u015f\u0131lt\u0131 katar. Helix, tragus veya kulak memesinde (lobe) ta\u015f\u0131yaca\u011f\u0131n\u0131z bu zarif t\u0131ls\u0131m, sadece \u015f\u0131kl\u0131\u011f\u0131n\u0131z\u0131 de\u011fil, pozitif enerjinizi de yans\u0131tacak.<\/p>","protected":false},"featured_media":6090,"comment_status":"open","ping_status":"closed","template":"","meta":[],"product_cat":[39],"product_tag":[],"class_list":{"0":"post-6088","1":"product","2":"type-product","3":"status-publish","4":"has-post-thumbnail","6":"product_cat-tragus","8":"first","9":"instock","10":"taxable","11":"shipping-taxable","12":"purchasable","13":"product-type-simple"},"aioseo_notices":[],"_links":{"self":[{"href":"https:\/\/arazpiercingjewellery.com\/de\/wp-json\/wp\/v2\/product\/6088","targetHints":{"allow":["GET"]}}],"collection":[{"href":"https:\/\/arazpiercingjewellery.com\/de\/wp-json\/wp\/v2\/product"}],"about":[{"href":"https:\/\/arazpiercingjewellery.com\/de\/wp-json\/wp\/v2\/types\/product"}],"replies":[{"embeddable":true,"href":"https:\/\/arazpiercingjewellery.com\/de\/wp-json\/wp\/v2\/comments?post=6088"}],"version-history":[{"count":1,"href":"https:\/\/arazpiercingjewellery.com\/de\/wp-json\/wp\/v2\/product\/6088\/revisions"}],"predecessor-version":[{"id":6091,"href":"https:\/\/arazpiercingjewellery.com\/de\/wp-json\/wp\/v2\/product\/6088\/revisions\/6091"}],"wp:featuredmedia":[{"embeddable":true,"href":"https:\/\/arazpiercingjewellery.com\/de\/wp-json\/wp\/v2\/media\/6090"}],"wp:attachment":[{"href":"https:\/\/arazpiercingjewellery.com\/de\/wp-json\/wp\/v2\/media?parent=6088"}],"wp:term":[{"taxonomy":"product_cat","embeddable":true,"href":"https:\/\/arazpiercingjewellery.com\/de\/wp-json\/wp\/v2\/product_cat?post=6088"},{"taxonomy":"product_tag","embeddable":true,"href":"https:\/\/arazpiercingjewellery.com\/de\/wp-json\/wp\/v2\/product_tag?post=6088"}],"curies":[{"name":"wp","href":"https:\/\/api.w.org\/{rel}","templated":true}]}}