{"id":6084,"date":"2026-01-20T10:04:27","date_gmt":"2026-01-20T10:04:27","guid":{"rendered":"https:\/\/arazpiercingjewellery.com\/?post_type=product&#038;p=6084"},"modified":"2026-02-19T11:01:55","modified_gmt":"2026-02-19T11:01:55","slug":"crescent-moon-cluster","status":"publish","type":"product","link":"https:\/\/arazpiercingjewellery.com\/de\/shop\/crescent-moon-cluster\/","title":{"rendered":"Crescent Moon Cluster"},"content":{"rendered":"<p>Gece g\u00f6\u011f\u00fcn\u00fcn en b\u00fcy\u00fcleyici s\u0131rr\u0131, \u015fimdi kula\u011f\u0131n\u0131zda. <b data-path-to-node=\"2\" data-index-in-node=\"54\">Crescent Moon Cluster<\/b>, p\u00fcr\u00fczs\u00fcz alt\u0131n (gold) bir \u00e7er\u00e7evenin i\u00e7ine zarif\u00e7e sarmalanm\u0131\u015f, hilal formunda kavis \u00e7izen d\u00f6rt adet \u0131\u015f\u0131lt\u0131l\u0131 ta\u015ftan olu\u015fur. Bu g\u00f6ksel tasar\u0131m, alt\u0131n\u0131n s\u0131cak par\u0131lt\u0131s\u0131yla kristallerin gizemli \u0131\u015f\u0131lt\u0131s\u0131n\u0131 birle\u015ftirerek, tragus, helix veya kulak memesinde (lobe) mistik ve sofistike bir odak noktas\u0131 yarat\u0131r. Kula\u011f\u0131n\u0131zda ta\u015f\u0131d\u0131\u011f\u0131n\u0131z bu minik ay par\u00e7as\u0131yla stilinize kozmik bir zarafet kat\u0131n.<\/p>","protected":false},"excerpt":{"rendered":"<p>Gece g\u00f6\u011f\u00fcn\u00fcn en b\u00fcy\u00fcleyici s\u0131rr\u0131, \u015fimdi kula\u011f\u0131n\u0131zda. Crescent Moon Cluster, p\u00fcr\u00fczs\u00fcz alt\u0131n (gold) bir \u00e7er\u00e7evenin i\u00e7ine zarif\u00e7e sarmalanm\u0131\u015f,&hellip;<\/p>","protected":false},"featured_media":6086,"comment_status":"open","ping_status":"closed","template":"","meta":[],"product_cat":[39],"product_tag":[],"class_list":{"0":"post-6084","1":"product","2":"type-product","3":"status-publish","4":"has-post-thumbnail","6":"product_cat-tragus","8":"first","9":"instock","10":"taxable","11":"shipping-taxable","12":"purchasable","13":"product-type-simple"},"aioseo_notices":[],"_links":{"self":[{"href":"https:\/\/arazpiercingjewellery.com\/de\/wp-json\/wp\/v2\/product\/6084","targetHints":{"allow":["GET"]}}],"collection":[{"href":"https:\/\/arazpiercingjewellery.com\/de\/wp-json\/wp\/v2\/product"}],"about":[{"href":"https:\/\/arazpiercingjewellery.com\/de\/wp-json\/wp\/v2\/types\/product"}],"replies":[{"embeddable":true,"href":"https:\/\/arazpiercingjewellery.com\/de\/wp-json\/wp\/v2\/comments?post=6084"}],"version-history":[{"count":1,"href":"https:\/\/arazpiercingjewellery.com\/de\/wp-json\/wp\/v2\/product\/6084\/revisions"}],"predecessor-version":[{"id":6087,"href":"https:\/\/arazpiercingjewellery.com\/de\/wp-json\/wp\/v2\/product\/6084\/revisions\/6087"}],"wp:featuredmedia":[{"embeddable":true,"href":"https:\/\/arazpiercingjewellery.com\/de\/wp-json\/wp\/v2\/media\/6086"}],"wp:attachment":[{"href":"https:\/\/arazpiercingjewellery.com\/de\/wp-json\/wp\/v2\/media?parent=6084"}],"wp:term":[{"taxonomy":"product_cat","embeddable":true,"href":"https:\/\/arazpiercingjewellery.com\/de\/wp-json\/wp\/v2\/product_cat?post=6084"},{"taxonomy":"product_tag","embeddable":true,"href":"https:\/\/arazpiercingjewellery.com\/de\/wp-json\/wp\/v2\/product_tag?post=6084"}],"curies":[{"name":"wp","href":"https:\/\/api.w.org\/{rel}","templated":true}]}}