{"id":6080,"date":"2026-01-19T15:12:36","date_gmt":"2026-01-19T15:12:36","guid":{"rendered":"https:\/\/arazpiercingjewellery.com\/?post_type=product&#038;p=6080"},"modified":"2026-02-19T11:02:24","modified_gmt":"2026-02-19T11:02:24","slug":"phoenix","status":"publish","type":"product","link":"https:\/\/arazpiercingjewellery.com\/de\/shop\/phoenix\/","title":{"rendered":"Phoenix"},"content":{"rendered":"<p>Mitolojik bir g\u00fc\u00e7 ve zarafet simgesi. <b data-path-to-node=\"2\" data-index-in-node=\"39\">Phoenix<\/b>, k\u00fcllerinden do\u011fan efsanevi anka ku\u015funun ihti\u015fam\u0131n\u0131 kula\u011f\u0131n\u0131za ta\u015f\u0131yor. Tasar\u0131m, \u0131\u015f\u0131\u011f\u0131 her a\u00e7\u0131dan yakalayan kristal ta\u015flarla (pave) bezeli ba\u015f k\u0131sm\u0131 ve karakteristik, p\u00fcr\u00fczs\u00fcz alt\u0131n (gold) gaga detay\u0131yla asil bir y\u0131rt\u0131c\u0131 ku\u015f fig\u00fcr\u00fc olu\u015fturuyor. Bu iddial\u0131 par\u00e7a, sadece bir aksesuar de\u011fil, g\u00fcc\u00fcn, yenilenmenin ve sonsuz \u0131\u015f\u0131lt\u0131n\u0131n sembol\u00fcd\u00fcr. Helix, flat veya kulak memesinde (lobe) ba\u015frol\u00fc oynayacak, dikkat \u00e7ekici bir duru\u015f sergiler.<\/p>","protected":false},"excerpt":{"rendered":"<p>Mitolojik bir g\u00fc\u00e7 ve zarafet simgesi. Phoenix, k\u00fcllerinden do\u011fan efsanevi anka ku\u015funun ihti\u015fam\u0131n\u0131 kula\u011f\u0131n\u0131za ta\u015f\u0131yor. Tasar\u0131m, \u0131\u015f\u0131\u011f\u0131 her&hellip;<\/p>","protected":false},"featured_media":6081,"comment_status":"open","ping_status":"closed","template":"","meta":[],"product_cat":[39],"product_tag":[],"class_list":{"0":"post-6080","1":"product","2":"type-product","3":"status-publish","4":"has-post-thumbnail","6":"product_cat-tragus","8":"first","9":"instock","10":"sale","11":"taxable","12":"shipping-taxable","13":"purchasable","14":"product-type-simple"},"aioseo_notices":[],"_links":{"self":[{"href":"https:\/\/arazpiercingjewellery.com\/de\/wp-json\/wp\/v2\/product\/6080","targetHints":{"allow":["GET"]}}],"collection":[{"href":"https:\/\/arazpiercingjewellery.com\/de\/wp-json\/wp\/v2\/product"}],"about":[{"href":"https:\/\/arazpiercingjewellery.com\/de\/wp-json\/wp\/v2\/types\/product"}],"replies":[{"embeddable":true,"href":"https:\/\/arazpiercingjewellery.com\/de\/wp-json\/wp\/v2\/comments?post=6080"}],"version-history":[{"count":1,"href":"https:\/\/arazpiercingjewellery.com\/de\/wp-json\/wp\/v2\/product\/6080\/revisions"}],"predecessor-version":[{"id":6083,"href":"https:\/\/arazpiercingjewellery.com\/de\/wp-json\/wp\/v2\/product\/6080\/revisions\/6083"}],"wp:featuredmedia":[{"embeddable":true,"href":"https:\/\/arazpiercingjewellery.com\/de\/wp-json\/wp\/v2\/media\/6081"}],"wp:attachment":[{"href":"https:\/\/arazpiercingjewellery.com\/de\/wp-json\/wp\/v2\/media?parent=6080"}],"wp:term":[{"taxonomy":"product_cat","embeddable":true,"href":"https:\/\/arazpiercingjewellery.com\/de\/wp-json\/wp\/v2\/product_cat?post=6080"},{"taxonomy":"product_tag","embeddable":true,"href":"https:\/\/arazpiercingjewellery.com\/de\/wp-json\/wp\/v2\/product_tag?post=6080"}],"curies":[{"name":"wp","href":"https:\/\/api.w.org\/{rel}","templated":true}]}}