{"id":6074,"date":"2026-01-19T13:12:35","date_gmt":"2026-01-19T13:12:35","guid":{"rendered":"https:\/\/arazpiercingjewellery.com\/?post_type=product&#038;p=6074"},"modified":"2026-02-19T11:02:57","modified_gmt":"2026-02-19T11:02:57","slug":"crown-jewel","status":"publish","type":"product","link":"https:\/\/arazpiercingjewellery.com\/de\/shop\/crown-jewel\/","title":{"rendered":"Crown Jewel"},"content":{"rendered":"<p>Ki\u015fisel stil koleksiyonunuzun zirvesi. <b data-path-to-node=\"2\" data-index-in-node=\"40\">Crown Jewel<\/b>, asil bir taca (tiara) \u015fekil veren, sar\u0131 alt\u0131n\u0131n s\u0131cak \u0131\u015f\u0131lt\u0131s\u0131yla haz\u0131rlanm\u0131\u015f iddial\u0131 bir tasar\u0131m sunar. Tac\u0131n taban\u0131 ve u\u00e7 noktalar\u0131, \u0131\u015f\u0131\u011f\u0131 m\u00fckemmel bir \u015fekilde yans\u0131tan parlak, yuvarlak kesim ta\u015flarla c\u00f6mert\u00e7e bezenmi\u015ftir, bu da ona ger\u00e7ek bir m\u00fccevher a\u011f\u0131rl\u0131\u011f\u0131 katar. Helix, flat veya kulak memesinde (lobe) ba\u015frol\u00fc oynamak i\u00e7in tasarlanan bu par\u00e7a, sadece bir piercing de\u011fil, kula\u011f\u0131n\u0131zdaki saltanat\u0131n ilan\u0131d\u0131r.<\/p>","protected":false},"excerpt":{"rendered":"<p>Ki\u015fisel stil koleksiyonunuzun zirvesi. Crown Jewel, asil bir taca (tiara) \u015fekil veren, sar\u0131 alt\u0131n\u0131n s\u0131cak \u0131\u015f\u0131lt\u0131s\u0131yla haz\u0131rlanm\u0131\u015f iddial\u0131&hellip;<\/p>","protected":false},"featured_media":6076,"comment_status":"open","ping_status":"closed","template":"","meta":[],"product_cat":[39],"product_tag":[],"class_list":{"0":"post-6074","1":"product","2":"type-product","3":"status-publish","4":"has-post-thumbnail","6":"product_cat-tragus","8":"first","9":"instock","10":"sale","11":"taxable","12":"shipping-taxable","13":"purchasable","14":"product-type-simple"},"aioseo_notices":[],"_links":{"self":[{"href":"https:\/\/arazpiercingjewellery.com\/de\/wp-json\/wp\/v2\/product\/6074","targetHints":{"allow":["GET"]}}],"collection":[{"href":"https:\/\/arazpiercingjewellery.com\/de\/wp-json\/wp\/v2\/product"}],"about":[{"href":"https:\/\/arazpiercingjewellery.com\/de\/wp-json\/wp\/v2\/types\/product"}],"replies":[{"embeddable":true,"href":"https:\/\/arazpiercingjewellery.com\/de\/wp-json\/wp\/v2\/comments?post=6074"}],"version-history":[{"count":1,"href":"https:\/\/arazpiercingjewellery.com\/de\/wp-json\/wp\/v2\/product\/6074\/revisions"}],"predecessor-version":[{"id":6077,"href":"https:\/\/arazpiercingjewellery.com\/de\/wp-json\/wp\/v2\/product\/6074\/revisions\/6077"}],"wp:featuredmedia":[{"embeddable":true,"href":"https:\/\/arazpiercingjewellery.com\/de\/wp-json\/wp\/v2\/media\/6076"}],"wp:attachment":[{"href":"https:\/\/arazpiercingjewellery.com\/de\/wp-json\/wp\/v2\/media?parent=6074"}],"wp:term":[{"taxonomy":"product_cat","embeddable":true,"href":"https:\/\/arazpiercingjewellery.com\/de\/wp-json\/wp\/v2\/product_cat?post=6074"},{"taxonomy":"product_tag","embeddable":true,"href":"https:\/\/arazpiercingjewellery.com\/de\/wp-json\/wp\/v2\/product_tag?post=6074"}],"curies":[{"name":"wp","href":"https:\/\/api.w.org\/{rel}","templated":true}]}}