{"id":6070,"date":"2026-01-19T13:08:13","date_gmt":"2026-01-19T13:08:13","guid":{"rendered":"https:\/\/arazpiercingjewellery.com\/?post_type=product&#038;p=6070"},"modified":"2026-02-19T11:03:43","modified_gmt":"2026-02-19T11:03:43","slug":"golden-arrow-stud","status":"publish","type":"product","link":"https:\/\/arazpiercingjewellery.com\/de\/shop\/golden-arrow-stud\/","title":{"rendered":"Golden Arrow Stud"},"content":{"rendered":"<p>Stilinizin y\u00f6n\u00fcn\u00fc belirleyen \u0131\u015f\u0131lt\u0131l\u0131 bir k\u0131lavuz. <b data-path-to-node=\"2\" data-index-in-node=\"52\">Golden Arrow Stud<\/b>, p\u00fcr\u00fczs\u00fcz alt\u0131n (gold) g\u00f6vdesi ve hedefe kilitlenmi\u015f formuyla g\u00fcc\u00fc ve kararl\u0131l\u0131\u011f\u0131 simgeler. Okun sivri ucuna ve kuyruk k\u0131sm\u0131ndaki detaylara yerle\u015ftirilen minik p\u0131rlanta kesim kristaller, bu klasik sava\u015f\u00e7\u0131 fig\u00fcr\u00fcne zarif ve l\u00fcks bir \u0131\u015f\u0131lt\u0131 katar. Tragus, helix veya kulak memesinde (lobe) ta\u015f\u0131d\u0131\u011f\u0131n\u0131z bu minik ok; ister kendi hedeflerinizin bir hat\u0131rlat\u0131c\u0131s\u0131, ister kalbinizi \u00e7alan bir a\u015fk\u0131n sembol\u00fc olarak \u0131\u015f\u0131ldas\u0131n.<\/p>","protected":false},"excerpt":{"rendered":"<p>Stilinizin y\u00f6n\u00fcn\u00fc belirleyen \u0131\u015f\u0131lt\u0131l\u0131 bir k\u0131lavuz. Golden Arrow Stud, p\u00fcr\u00fczs\u00fcz alt\u0131n (gold) g\u00f6vdesi ve hedefe kilitlenmi\u015f formuyla g\u00fcc\u00fc&hellip;<\/p>","protected":false},"featured_media":6071,"comment_status":"open","ping_status":"closed","template":"","meta":[],"product_cat":[39],"product_tag":[],"class_list":{"0":"post-6070","1":"product","2":"type-product","3":"status-publish","4":"has-post-thumbnail","6":"product_cat-tragus","8":"first","9":"instock","10":"sale","11":"taxable","12":"shipping-taxable","13":"purchasable","14":"product-type-simple"},"aioseo_notices":[],"_links":{"self":[{"href":"https:\/\/arazpiercingjewellery.com\/de\/wp-json\/wp\/v2\/product\/6070","targetHints":{"allow":["GET"]}}],"collection":[{"href":"https:\/\/arazpiercingjewellery.com\/de\/wp-json\/wp\/v2\/product"}],"about":[{"href":"https:\/\/arazpiercingjewellery.com\/de\/wp-json\/wp\/v2\/types\/product"}],"replies":[{"embeddable":true,"href":"https:\/\/arazpiercingjewellery.com\/de\/wp-json\/wp\/v2\/comments?post=6070"}],"version-history":[{"count":1,"href":"https:\/\/arazpiercingjewellery.com\/de\/wp-json\/wp\/v2\/product\/6070\/revisions"}],"predecessor-version":[{"id":6073,"href":"https:\/\/arazpiercingjewellery.com\/de\/wp-json\/wp\/v2\/product\/6070\/revisions\/6073"}],"wp:featuredmedia":[{"embeddable":true,"href":"https:\/\/arazpiercingjewellery.com\/de\/wp-json\/wp\/v2\/media\/6071"}],"wp:attachment":[{"href":"https:\/\/arazpiercingjewellery.com\/de\/wp-json\/wp\/v2\/media?parent=6070"}],"wp:term":[{"taxonomy":"product_cat","embeddable":true,"href":"https:\/\/arazpiercingjewellery.com\/de\/wp-json\/wp\/v2\/product_cat?post=6070"},{"taxonomy":"product_tag","embeddable":true,"href":"https:\/\/arazpiercingjewellery.com\/de\/wp-json\/wp\/v2\/product_tag?post=6070"}],"curies":[{"name":"wp","href":"https:\/\/api.w.org\/{rel}","templated":true}]}}