{"id":6066,"date":"2026-01-19T13:03:42","date_gmt":"2026-01-19T13:03:42","guid":{"rendered":"https:\/\/arazpiercingjewellery.com\/?post_type=product&#038;p=6066"},"modified":"2026-02-19T11:03:58","modified_gmt":"2026-02-19T11:03:58","slug":"petite-flower","status":"publish","type":"product","link":"https:\/\/arazpiercingjewellery.com\/de\/shop\/petite-flower\/","title":{"rendered":"Petite Flower"},"content":{"rendered":"<p>Kula\u011f\u0131n\u0131zda a\u00e7an en zarif bahar. <b data-path-to-node=\"2\" data-index-in-node=\"34\">Petite Flower<\/b>, do\u011fan\u0131n naif g\u00fczelli\u011fini minimalist bir tasar\u0131mla sunuyor. Alt\u0131n (gold) bir taban \u00fczerine, biri merkezde di\u011fer be\u015fi ise ta\u00e7 yapraklar\u0131 olu\u015fturacak \u015fekilde yerle\u015ftirilmi\u015f toplam alt\u0131 adet \u0131\u015f\u0131lt\u0131l\u0131 kristal ta\u015f, bu sevimli \u00e7i\u00e7ek fig\u00fcr\u00fcne hayat veriyor. Ta\u015flar\u0131 \u00e7evreleyen dokulu alt\u0131n yuvalar, bu minik tasar\u0131ma hem derinlik hem de ekstra bir p\u0131r\u0131lt\u0131 katar. Tragus, helix veya kulak memesinde (lobe) tek ba\u015f\u0131na romantik bir dokunu\u015f olarak kullanabilece\u011finiz gibi, di\u011fer k\u00fcpe kombinlerinizde taze ve feminen bir tamamlay\u0131c\u0131 olarak da \u0131\u015f\u0131ldayacakt\u0131r.<\/p>","protected":false},"excerpt":{"rendered":"<p>Kula\u011f\u0131n\u0131zda a\u00e7an en zarif bahar. Petite Flower, do\u011fan\u0131n naif g\u00fczelli\u011fini minimalist bir tasar\u0131mla sunuyor. Alt\u0131n (gold) bir taban&hellip;<\/p>","protected":false},"featured_media":6068,"comment_status":"open","ping_status":"closed","template":"","meta":[],"product_cat":[39],"product_tag":[],"class_list":{"0":"post-6066","1":"product","2":"type-product","3":"status-publish","4":"has-post-thumbnail","6":"product_cat-tragus","8":"first","9":"instock","10":"taxable","11":"shipping-taxable","12":"purchasable","13":"product-type-simple"},"aioseo_notices":[],"_links":{"self":[{"href":"https:\/\/arazpiercingjewellery.com\/de\/wp-json\/wp\/v2\/product\/6066","targetHints":{"allow":["GET"]}}],"collection":[{"href":"https:\/\/arazpiercingjewellery.com\/de\/wp-json\/wp\/v2\/product"}],"about":[{"href":"https:\/\/arazpiercingjewellery.com\/de\/wp-json\/wp\/v2\/types\/product"}],"replies":[{"embeddable":true,"href":"https:\/\/arazpiercingjewellery.com\/de\/wp-json\/wp\/v2\/comments?post=6066"}],"version-history":[{"count":1,"href":"https:\/\/arazpiercingjewellery.com\/de\/wp-json\/wp\/v2\/product\/6066\/revisions"}],"predecessor-version":[{"id":6069,"href":"https:\/\/arazpiercingjewellery.com\/de\/wp-json\/wp\/v2\/product\/6066\/revisions\/6069"}],"wp:featuredmedia":[{"embeddable":true,"href":"https:\/\/arazpiercingjewellery.com\/de\/wp-json\/wp\/v2\/media\/6068"}],"wp:attachment":[{"href":"https:\/\/arazpiercingjewellery.com\/de\/wp-json\/wp\/v2\/media?parent=6066"}],"wp:term":[{"taxonomy":"product_cat","embeddable":true,"href":"https:\/\/arazpiercingjewellery.com\/de\/wp-json\/wp\/v2\/product_cat?post=6066"},{"taxonomy":"product_tag","embeddable":true,"href":"https:\/\/arazpiercingjewellery.com\/de\/wp-json\/wp\/v2\/product_tag?post=6066"}],"curies":[{"name":"wp","href":"https:\/\/api.w.org\/{rel}","templated":true}]}}