{"id":6062,"date":"2026-01-19T13:00:18","date_gmt":"2026-01-19T13:00:18","guid":{"rendered":"https:\/\/arazpiercingjewellery.com\/?post_type=product&#038;p=6062"},"modified":"2026-02-19T11:04:43","modified_gmt":"2026-02-19T11:04:43","slug":"sparkle-dot","status":"publish","type":"product","link":"https:\/\/arazpiercingjewellery.com\/de\/shop\/sparkle-dot\/","title":{"rendered":"Sparkle Dot"},"content":{"rendered":"<p>Kula\u011f\u0131n\u0131zdaki en zarif \u0131\u015f\u0131k noktas\u0131. <b data-path-to-node=\"2\" data-index-in-node=\"38\">Sparkle Dot<\/b>, p\u00fcr\u00fczs\u00fcz bir alt\u0131n (gold) \u00e7er\u00e7eve (bezel g\u00f6r\u00fcn\u00fcml\u00fc yuva) i\u00e7ine kusursuzca yerle\u015ftirilmi\u015f tek bir yuvarlak kesim kristalden olu\u015fur. Bu temiz ve modern tasar\u0131m, ta\u015f\u0131n \u0131\u015f\u0131lt\u0131s\u0131n\u0131 \u00f6n plana \u00e7\u0131kar\u0131rken, adeta cildinizin bir par\u00e7as\u0131 gibi duran b\u00fct\u00fcnle\u015fik bir g\u00f6r\u00fcn\u00fcm sunar. Ad\u0131 gibi, stilinize konmu\u015f minik ama g\u00f6z al\u0131c\u0131 \u0131\u015f\u0131lt\u0131l\u0131 bir &#8216;nokta&#8217; g\u00f6revi g\u00f6r\u00fcr. Minimalist sevenler i\u00e7in tragus, helix veya kulak memesinde (lobe) tek ba\u015f\u0131na yeterli; iddial\u0131 kulak kombinasyonlar\u0131 (ear stack) i\u00e7inse m\u00fckemmel bir tamamlay\u0131c\u0131 ve dengeleyicidir.<\/p>","protected":false},"excerpt":{"rendered":"<p>Kula\u011f\u0131n\u0131zdaki en zarif \u0131\u015f\u0131k noktas\u0131. Sparkle Dot, p\u00fcr\u00fczs\u00fcz bir alt\u0131n (gold) \u00e7er\u00e7eve (bezel g\u00f6r\u00fcn\u00fcml\u00fc yuva) i\u00e7ine kusursuzca yerle\u015ftirilmi\u015f&hellip;<\/p>","protected":false},"featured_media":6064,"comment_status":"open","ping_status":"closed","template":"","meta":[],"product_cat":[39],"product_tag":[],"class_list":{"0":"post-6062","1":"product","2":"type-product","3":"status-publish","4":"has-post-thumbnail","6":"product_cat-tragus","8":"first","9":"instock","10":"taxable","11":"shipping-taxable","12":"purchasable","13":"product-type-simple"},"aioseo_notices":[],"_links":{"self":[{"href":"https:\/\/arazpiercingjewellery.com\/de\/wp-json\/wp\/v2\/product\/6062","targetHints":{"allow":["GET"]}}],"collection":[{"href":"https:\/\/arazpiercingjewellery.com\/de\/wp-json\/wp\/v2\/product"}],"about":[{"href":"https:\/\/arazpiercingjewellery.com\/de\/wp-json\/wp\/v2\/types\/product"}],"replies":[{"embeddable":true,"href":"https:\/\/arazpiercingjewellery.com\/de\/wp-json\/wp\/v2\/comments?post=6062"}],"version-history":[{"count":1,"href":"https:\/\/arazpiercingjewellery.com\/de\/wp-json\/wp\/v2\/product\/6062\/revisions"}],"predecessor-version":[{"id":6065,"href":"https:\/\/arazpiercingjewellery.com\/de\/wp-json\/wp\/v2\/product\/6062\/revisions\/6065"}],"wp:featuredmedia":[{"embeddable":true,"href":"https:\/\/arazpiercingjewellery.com\/de\/wp-json\/wp\/v2\/media\/6064"}],"wp:attachment":[{"href":"https:\/\/arazpiercingjewellery.com\/de\/wp-json\/wp\/v2\/media?parent=6062"}],"wp:term":[{"taxonomy":"product_cat","embeddable":true,"href":"https:\/\/arazpiercingjewellery.com\/de\/wp-json\/wp\/v2\/product_cat?post=6062"},{"taxonomy":"product_tag","embeddable":true,"href":"https:\/\/arazpiercingjewellery.com\/de\/wp-json\/wp\/v2\/product_tag?post=6062"}],"curies":[{"name":"wp","href":"https:\/\/api.w.org\/{rel}","templated":true}]}}