{"id":6058,"date":"2026-01-19T12:54:37","date_gmt":"2026-01-19T12:54:37","guid":{"rendered":"https:\/\/arazpiercingjewellery.com\/?post_type=product&#038;p=6058"},"modified":"2026-02-19T11:05:06","modified_gmt":"2026-02-19T11:05:06","slug":"golden-drop","status":"publish","type":"product","link":"https:\/\/arazpiercingjewellery.com\/de\/shop\/golden-drop\/","title":{"rendered":"Golden Drop"},"content":{"rendered":"","protected":false},"excerpt":{"rendered":"<p>Zarafetin en yal\u0131n ve ak\u0131c\u0131 hali. <b data-path-to-node=\"2\" data-index-in-node=\"35\">Golden Drop<\/b>, m\u00fccevher d\u00fcnyas\u0131n\u0131n en klasik formlar\u0131ndan biri olan damla (teardrop) fig\u00fcr\u00fcn\u00fc, alt\u0131n\u0131n (gold) p\u00fcr\u00fczs\u00fcz ve zamans\u0131z \u0131\u015f\u0131lt\u0131s\u0131yla sunuyor. Ta\u015fs\u0131z, hafif bombeli ve kusursuz y\u00fczeyi, \u0131\u015f\u0131\u011f\u0131 t\u0131pk\u0131 s\u00fcz\u00fclen bir su damlas\u0131 gibi yumu\u015fak\u00e7a yans\u0131t\u0131r. Minimalist ama etkileyici bir duru\u015f arayanlar i\u00e7in tasarlanan bu par\u00e7a; tragus, helix veya kulak memesi (lobe) b\u00f6lgenizde tek ba\u015f\u0131na asil bir duru\u015f sergilerken, koleksiyondaki di\u011fer par\u00e7alarla sofistike bir uyum yakalar.<\/p>","protected":false},"featured_media":6061,"comment_status":"open","ping_status":"closed","template":"","meta":[],"product_cat":[39],"product_tag":[],"class_list":{"0":"post-6058","1":"product","2":"type-product","3":"status-publish","4":"has-post-thumbnail","6":"product_cat-tragus","8":"first","9":"instock","10":"taxable","11":"shipping-taxable","12":"purchasable","13":"product-type-simple"},"aioseo_notices":[],"_links":{"self":[{"href":"https:\/\/arazpiercingjewellery.com\/de\/wp-json\/wp\/v2\/product\/6058","targetHints":{"allow":["GET"]}}],"collection":[{"href":"https:\/\/arazpiercingjewellery.com\/de\/wp-json\/wp\/v2\/product"}],"about":[{"href":"https:\/\/arazpiercingjewellery.com\/de\/wp-json\/wp\/v2\/types\/product"}],"replies":[{"embeddable":true,"href":"https:\/\/arazpiercingjewellery.com\/de\/wp-json\/wp\/v2\/comments?post=6058"}],"version-history":[{"count":1,"href":"https:\/\/arazpiercingjewellery.com\/de\/wp-json\/wp\/v2\/product\/6058\/revisions"}],"predecessor-version":[{"id":6059,"href":"https:\/\/arazpiercingjewellery.com\/de\/wp-json\/wp\/v2\/product\/6058\/revisions\/6059"}],"wp:featuredmedia":[{"embeddable":true,"href":"https:\/\/arazpiercingjewellery.com\/de\/wp-json\/wp\/v2\/media\/6061"}],"wp:attachment":[{"href":"https:\/\/arazpiercingjewellery.com\/de\/wp-json\/wp\/v2\/media?parent=6058"}],"wp:term":[{"taxonomy":"product_cat","embeddable":true,"href":"https:\/\/arazpiercingjewellery.com\/de\/wp-json\/wp\/v2\/product_cat?post=6058"},{"taxonomy":"product_tag","embeddable":true,"href":"https:\/\/arazpiercingjewellery.com\/de\/wp-json\/wp\/v2\/product_tag?post=6058"}],"curies":[{"name":"wp","href":"https:\/\/api.w.org\/{rel}","templated":true}]}}