{"id":6053,"date":"2026-01-19T12:50:45","date_gmt":"2026-01-19T12:50:45","guid":{"rendered":"https:\/\/arazpiercingjewellery.com\/?post_type=product&#038;p=6053"},"modified":"2026-02-19T11:05:25","modified_gmt":"2026-02-19T11:05:25","slug":"frosty-star","status":"publish","type":"product","link":"https:\/\/arazpiercingjewellery.com\/de\/shop\/frosty-star\/","title":{"rendered":"Frosty Star"},"content":{"rendered":"","protected":false},"excerpt":{"rendered":"<p>Kula\u011f\u0131n\u0131zdaki y\u0131ld\u0131z \u0131\u015f\u0131\u011f\u0131na buzlu bir dokunu\u015f. <b data-path-to-node=\"2\" data-index-in-node=\"49\">Frosty Star<\/b>, stilize edilmi\u015f be\u015f u\u00e7lu bir y\u0131ld\u0131z formunu, alt\u0131n\u0131n (gold) s\u0131cak ve p\u00fcr\u00fczs\u00fcz dokusuyla sunar. Tasar\u0131m\u0131n tam kalbine yerle\u015ftirilen p\u0131rlanta kesim kristal, \u0131\u015f\u0131\u011f\u0131 yakalad\u0131\u011f\u0131nda adeta bir k\u0131\u015f sabah\u0131ndaki ayaz\u0131 and\u0131ran so\u011fuk ve parlak bir \u0131\u015f\u0131lt\u0131 yayar. Alt\u0131n\u0131n s\u0131cakl\u0131\u011f\u0131 ile kristalin &#8216;buzlu&#8217; parlakl\u0131\u011f\u0131 aras\u0131ndaki bu sofistike z\u0131tl\u0131k, tragus veya helix b\u00f6lgenizde modern ve b\u00fcy\u00fcleyici bir etki yarat\u0131r. Her mevsimde stilinize taze ve \u0131\u015f\u0131lt\u0131l\u0131 bir y\u0131ld\u0131z tozu serpmek i\u00e7in tasarland\u0131.<\/p>","protected":false},"featured_media":6049,"comment_status":"open","ping_status":"closed","template":"","meta":[],"product_cat":[39],"product_tag":[],"class_list":{"0":"post-6053","1":"product","2":"type-product","3":"status-publish","4":"has-post-thumbnail","6":"product_cat-tragus","8":"first","9":"instock","10":"taxable","11":"shipping-taxable","12":"purchasable","13":"product-type-simple"},"aioseo_notices":[],"_links":{"self":[{"href":"https:\/\/arazpiercingjewellery.com\/de\/wp-json\/wp\/v2\/product\/6053","targetHints":{"allow":["GET"]}}],"collection":[{"href":"https:\/\/arazpiercingjewellery.com\/de\/wp-json\/wp\/v2\/product"}],"about":[{"href":"https:\/\/arazpiercingjewellery.com\/de\/wp-json\/wp\/v2\/types\/product"}],"replies":[{"embeddable":true,"href":"https:\/\/arazpiercingjewellery.com\/de\/wp-json\/wp\/v2\/comments?post=6053"}],"version-history":[{"count":1,"href":"https:\/\/arazpiercingjewellery.com\/de\/wp-json\/wp\/v2\/product\/6053\/revisions"}],"predecessor-version":[{"id":6056,"href":"https:\/\/arazpiercingjewellery.com\/de\/wp-json\/wp\/v2\/product\/6053\/revisions\/6056"}],"wp:featuredmedia":[{"embeddable":true,"href":"https:\/\/arazpiercingjewellery.com\/de\/wp-json\/wp\/v2\/media\/6049"}],"wp:attachment":[{"href":"https:\/\/arazpiercingjewellery.com\/de\/wp-json\/wp\/v2\/media?parent=6053"}],"wp:term":[{"taxonomy":"product_cat","embeddable":true,"href":"https:\/\/arazpiercingjewellery.com\/de\/wp-json\/wp\/v2\/product_cat?post=6053"},{"taxonomy":"product_tag","embeddable":true,"href":"https:\/\/arazpiercingjewellery.com\/de\/wp-json\/wp\/v2\/product_tag?post=6053"}],"curies":[{"name":"wp","href":"https:\/\/api.w.org\/{rel}","templated":true}]}}