{"id":6044,"date":"2026-01-19T12:34:54","date_gmt":"2026-01-19T12:34:54","guid":{"rendered":"https:\/\/arazpiercingjewellery.com\/?post_type=product&#038;p=6044"},"modified":"2026-02-19T11:06:15","modified_gmt":"2026-02-19T11:06:15","slug":"golden-dragonfly","status":"publish","type":"product","link":"https:\/\/arazpiercingjewellery.com\/de\/shop\/golden-dragonfly\/","title":{"rendered":"Golden Dragonfly"},"content":{"rendered":"","protected":false},"excerpt":{"rendered":"<p>Zarafetin en hafif ve g\u00f6z al\u0131c\u0131 u\u00e7u\u015fu. <b data-path-to-node=\"2\" data-index-in-node=\"40\">Golden Dragonfly<\/b>, dikey olarak s\u0131ralanm\u0131\u015f d\u00f6rt adet parlak kristal ta\u015ftan olu\u015fan \u0131\u015f\u0131lt\u0131l\u0131 g\u00f6vdesi ve iki yana a\u00e7\u0131lan p\u00fcr\u00fczs\u00fcz alt\u0131n (gold) kanatlar\u0131yla b\u00fcy\u00fcleyici bir denge sunuyor. Kristallerin \u0131\u015f\u0131\u011f\u0131 k\u0131ran yap\u0131s\u0131 ile alt\u0131n\u0131n yal\u0131n dokusu aras\u0131ndaki bu kontrast, tasar\u0131ma hem hareket hem de l\u00fcks bir derinlik katar. Tragus, helix veya kulak memesi (lobe) i\u00e7in tasarlanan bu par\u00e7a; kula\u011f\u0131n\u0131za konmu\u015f, her an havalanmaya haz\u0131r, zarif bir do\u011fa harikas\u0131 gibi durur.<\/p>","protected":false},"featured_media":6046,"comment_status":"open","ping_status":"closed","template":"","meta":[],"product_cat":[39],"product_tag":[],"class_list":{"0":"post-6044","1":"product","2":"type-product","3":"status-publish","4":"has-post-thumbnail","6":"product_cat-tragus","8":"first","9":"instock","10":"taxable","11":"shipping-taxable","12":"purchasable","13":"product-type-simple"},"aioseo_notices":[],"_links":{"self":[{"href":"https:\/\/arazpiercingjewellery.com\/de\/wp-json\/wp\/v2\/product\/6044","targetHints":{"allow":["GET"]}}],"collection":[{"href":"https:\/\/arazpiercingjewellery.com\/de\/wp-json\/wp\/v2\/product"}],"about":[{"href":"https:\/\/arazpiercingjewellery.com\/de\/wp-json\/wp\/v2\/types\/product"}],"replies":[{"embeddable":true,"href":"https:\/\/arazpiercingjewellery.com\/de\/wp-json\/wp\/v2\/comments?post=6044"}],"version-history":[{"count":1,"href":"https:\/\/arazpiercingjewellery.com\/de\/wp-json\/wp\/v2\/product\/6044\/revisions"}],"predecessor-version":[{"id":6047,"href":"https:\/\/arazpiercingjewellery.com\/de\/wp-json\/wp\/v2\/product\/6044\/revisions\/6047"}],"wp:featuredmedia":[{"embeddable":true,"href":"https:\/\/arazpiercingjewellery.com\/de\/wp-json\/wp\/v2\/media\/6046"}],"wp:attachment":[{"href":"https:\/\/arazpiercingjewellery.com\/de\/wp-json\/wp\/v2\/media?parent=6044"}],"wp:term":[{"taxonomy":"product_cat","embeddable":true,"href":"https:\/\/arazpiercingjewellery.com\/de\/wp-json\/wp\/v2\/product_cat?post=6044"},{"taxonomy":"product_tag","embeddable":true,"href":"https:\/\/arazpiercingjewellery.com\/de\/wp-json\/wp\/v2\/product_tag?post=6044"}],"curies":[{"name":"wp","href":"https:\/\/api.w.org\/{rel}","templated":true}]}}