{"id":6040,"date":"2026-01-19T12:12:12","date_gmt":"2026-01-19T12:12:12","guid":{"rendered":"https:\/\/arazpiercingjewellery.com\/?post_type=product&#038;p=6040"},"modified":"2026-02-19T11:06:29","modified_gmt":"2026-02-19T11:06:29","slug":"love-lock","status":"publish","type":"product","link":"https:\/\/arazpiercingjewellery.com\/de\/shop\/love-lock\/","title":{"rendered":"Love Lock"},"content":{"rendered":"","protected":false},"excerpt":{"rendered":"<p>Kalbinizin kilidi, stilinizin anahtar\u0131. <b data-path-to-node=\"3\" data-index-in-node=\"41\">Love Lock<\/b>, k\u00f6pr\u00fclerde as\u0131l\u0131 kalan ebedi a\u015fk yeminlerinden ilham alan, nostaljik ve derin anlamlar ta\u015f\u0131yan bir tasar\u0131m. Klasik iskelet anahtar formunun p\u00fcr\u00fczs\u00fcz alt\u0131n (gold) dokusuyla bulu\u015ftu\u011fu bu ta\u015fs\u0131z par\u00e7a, vintage zarafeti modern bir romantizmle birle\u015ftirir. \u00dc\u00e7 yaprakl\u0131 zarif ba\u015f k\u0131sm\u0131 ve net g\u00f6vde detaylar\u0131yla; kula\u011f\u0131n\u0131zda (tragus, helix veya lobe) ta\u015f\u0131d\u0131\u011f\u0131n\u0131z ki\u015fisel bir a\u015fk ilan\u0131 veya kendinize olan ba\u011fl\u0131l\u0131\u011f\u0131n\u0131z\u0131n de\u011ferli bir sembol\u00fc.<\/p>","protected":false},"featured_media":6042,"comment_status":"open","ping_status":"closed","template":"","meta":[],"product_cat":[39],"product_tag":[],"class_list":{"0":"post-6040","1":"product","2":"type-product","3":"status-publish","4":"has-post-thumbnail","6":"product_cat-tragus","8":"first","9":"instock","10":"taxable","11":"shipping-taxable","12":"purchasable","13":"product-type-simple"},"aioseo_notices":[],"_links":{"self":[{"href":"https:\/\/arazpiercingjewellery.com\/de\/wp-json\/wp\/v2\/product\/6040","targetHints":{"allow":["GET"]}}],"collection":[{"href":"https:\/\/arazpiercingjewellery.com\/de\/wp-json\/wp\/v2\/product"}],"about":[{"href":"https:\/\/arazpiercingjewellery.com\/de\/wp-json\/wp\/v2\/types\/product"}],"replies":[{"embeddable":true,"href":"https:\/\/arazpiercingjewellery.com\/de\/wp-json\/wp\/v2\/comments?post=6040"}],"version-history":[{"count":1,"href":"https:\/\/arazpiercingjewellery.com\/de\/wp-json\/wp\/v2\/product\/6040\/revisions"}],"predecessor-version":[{"id":6043,"href":"https:\/\/arazpiercingjewellery.com\/de\/wp-json\/wp\/v2\/product\/6040\/revisions\/6043"}],"wp:featuredmedia":[{"embeddable":true,"href":"https:\/\/arazpiercingjewellery.com\/de\/wp-json\/wp\/v2\/media\/6042"}],"wp:attachment":[{"href":"https:\/\/arazpiercingjewellery.com\/de\/wp-json\/wp\/v2\/media?parent=6040"}],"wp:term":[{"taxonomy":"product_cat","embeddable":true,"href":"https:\/\/arazpiercingjewellery.com\/de\/wp-json\/wp\/v2\/product_cat?post=6040"},{"taxonomy":"product_tag","embeddable":true,"href":"https:\/\/arazpiercingjewellery.com\/de\/wp-json\/wp\/v2\/product_tag?post=6040"}],"curies":[{"name":"wp","href":"https:\/\/api.w.org\/{rel}","templated":true}]}}