{"id":6036,"date":"2026-01-19T12:06:15","date_gmt":"2026-01-19T12:06:15","guid":{"rendered":"https:\/\/arazpiercingjewellery.com\/?post_type=product&#038;p=6036"},"modified":"2026-02-19T11:06:47","modified_gmt":"2026-02-19T11:06:47","slug":"sparkling-turtle","status":"publish","type":"product","link":"https:\/\/arazpiercingjewellery.com\/de\/shop\/sparkling-turtle\/","title":{"rendered":"Sparkling Turtle"},"content":{"rendered":"","protected":false},"excerpt":{"rendered":"<p>Okyanusun en sevimli gezgini, \u015fimdi en \u0131\u015f\u0131lt\u0131l\u0131 haliyle kula\u011f\u0131n\u0131zda. <b data-path-to-node=\"2\" data-index-in-node=\"70\">Sparkling Turtle<\/b>, p\u00fcr\u00fczs\u00fcz alt\u0131n (gold) ba\u015f ve y\u00fczge\u00e7 detaylar\u0131n\u0131, tamamen kristal ta\u015flarla kapl\u0131 g\u00f6z kama\u015ft\u0131r\u0131c\u0131 bir kabukla birle\u015ftiriyor. Pav\u00e9 m\u0131hlama tekni\u011fiyle yan yana dizilen ta\u015flar, \u0131\u015f\u0131\u011f\u0131 her a\u00e7\u0131dan yans\u0131tarak sanki suyun y\u00fczeyindeki g\u00fcne\u015f par\u0131lt\u0131lar\u0131n\u0131 taklit eder. Hem sevimli hem de l\u00fcks bir duru\u015f arayanlar i\u00e7in tasarlanan bu minik t\u0131ls\u0131m; tragus, helix veya lobe kombinlerinize ne\u015fe ve zarafet katacak.<\/p>","protected":false},"featured_media":6038,"comment_status":"open","ping_status":"closed","template":"","meta":[],"product_cat":[39],"product_tag":[],"class_list":{"0":"post-6036","1":"product","2":"type-product","3":"status-publish","4":"has-post-thumbnail","6":"product_cat-tragus","8":"first","9":"instock","10":"taxable","11":"shipping-taxable","12":"purchasable","13":"product-type-simple"},"aioseo_notices":[],"_links":{"self":[{"href":"https:\/\/arazpiercingjewellery.com\/de\/wp-json\/wp\/v2\/product\/6036","targetHints":{"allow":["GET"]}}],"collection":[{"href":"https:\/\/arazpiercingjewellery.com\/de\/wp-json\/wp\/v2\/product"}],"about":[{"href":"https:\/\/arazpiercingjewellery.com\/de\/wp-json\/wp\/v2\/types\/product"}],"replies":[{"embeddable":true,"href":"https:\/\/arazpiercingjewellery.com\/de\/wp-json\/wp\/v2\/comments?post=6036"}],"version-history":[{"count":1,"href":"https:\/\/arazpiercingjewellery.com\/de\/wp-json\/wp\/v2\/product\/6036\/revisions"}],"predecessor-version":[{"id":6039,"href":"https:\/\/arazpiercingjewellery.com\/de\/wp-json\/wp\/v2\/product\/6036\/revisions\/6039"}],"wp:featuredmedia":[{"embeddable":true,"href":"https:\/\/arazpiercingjewellery.com\/de\/wp-json\/wp\/v2\/media\/6038"}],"wp:attachment":[{"href":"https:\/\/arazpiercingjewellery.com\/de\/wp-json\/wp\/v2\/media?parent=6036"}],"wp:term":[{"taxonomy":"product_cat","embeddable":true,"href":"https:\/\/arazpiercingjewellery.com\/de\/wp-json\/wp\/v2\/product_cat?post=6036"},{"taxonomy":"product_tag","embeddable":true,"href":"https:\/\/arazpiercingjewellery.com\/de\/wp-json\/wp\/v2\/product_tag?post=6036"}],"curies":[{"name":"wp","href":"https:\/\/api.w.org\/{rel}","templated":true}]}}