{"id":6032,"date":"2026-01-19T12:00:45","date_gmt":"2026-01-19T12:00:45","guid":{"rendered":"https:\/\/arazpiercingjewellery.com\/?post_type=product&#038;p=6032"},"modified":"2026-02-19T11:07:05","modified_gmt":"2026-02-19T11:07:05","slug":"golden-infinity","status":"publish","type":"product","link":"https:\/\/arazpiercingjewellery.com\/de\/shop\/golden-infinity\/","title":{"rendered":"Golden Infinity"},"content":{"rendered":"","protected":false},"excerpt":{"rendered":"<p>Zamans\u0131z bir ba\u011f\u0131n \u0131\u015f\u0131lt\u0131l\u0131 sembol\u00fc. <b data-path-to-node=\"2\" data-index-in-node=\"38\">Golden Infinity<\/b>, ebedi sevginin ve s\u0131n\u0131rs\u0131z potansiyelin evrensel i\u015fareti olan sonsuzluk fig\u00fcr\u00fcn\u00fc, alt\u0131n\u0131n (gold) p\u00fcr\u00fczs\u00fcz ve ak\u0131c\u0131 k\u0131vr\u0131mlar\u0131yla yorumluyor. Tasar\u0131m\u0131n tam kalbine, kesi\u015fme noktas\u0131na \u00f6zenle yerle\u015ftirilmi\u015f iki adet kristal ta\u015f, bu sonsuz d\u00f6ng\u00fcye zarif bir \u0131\u015f\u0131lt\u0131 ve &#8216;iki ruhun bulu\u015fmas\u0131&#8217; gibi derin bir anlam katar. Tragus, helix veya lobe b\u00f6lgenizde; ister kendinize bir s\u00f6z, ister sevdi\u011finizle aran\u0131zdaki kopmaz ba\u011f\u0131 simgeleyen de\u011ferli bir hediye olarak \u0131\u015f\u0131ldayacak.<\/p>","protected":false},"featured_media":6033,"comment_status":"open","ping_status":"closed","template":"","meta":[],"product_cat":[39],"product_tag":[],"class_list":{"0":"post-6032","1":"product","2":"type-product","3":"status-publish","4":"has-post-thumbnail","6":"product_cat-tragus","8":"first","9":"instock","10":"taxable","11":"shipping-taxable","12":"purchasable","13":"product-type-simple"},"aioseo_notices":[],"_links":{"self":[{"href":"https:\/\/arazpiercingjewellery.com\/de\/wp-json\/wp\/v2\/product\/6032","targetHints":{"allow":["GET"]}}],"collection":[{"href":"https:\/\/arazpiercingjewellery.com\/de\/wp-json\/wp\/v2\/product"}],"about":[{"href":"https:\/\/arazpiercingjewellery.com\/de\/wp-json\/wp\/v2\/types\/product"}],"replies":[{"embeddable":true,"href":"https:\/\/arazpiercingjewellery.com\/de\/wp-json\/wp\/v2\/comments?post=6032"}],"version-history":[{"count":1,"href":"https:\/\/arazpiercingjewellery.com\/de\/wp-json\/wp\/v2\/product\/6032\/revisions"}],"predecessor-version":[{"id":6035,"href":"https:\/\/arazpiercingjewellery.com\/de\/wp-json\/wp\/v2\/product\/6032\/revisions\/6035"}],"wp:featuredmedia":[{"embeddable":true,"href":"https:\/\/arazpiercingjewellery.com\/de\/wp-json\/wp\/v2\/media\/6033"}],"wp:attachment":[{"href":"https:\/\/arazpiercingjewellery.com\/de\/wp-json\/wp\/v2\/media?parent=6032"}],"wp:term":[{"taxonomy":"product_cat","embeddable":true,"href":"https:\/\/arazpiercingjewellery.com\/de\/wp-json\/wp\/v2\/product_cat?post=6032"},{"taxonomy":"product_tag","embeddable":true,"href":"https:\/\/arazpiercingjewellery.com\/de\/wp-json\/wp\/v2\/product_tag?post=6032"}],"curies":[{"name":"wp","href":"https:\/\/api.w.org\/{rel}","templated":true}]}}