{"id":6028,"date":"2026-01-19T11:54:46","date_gmt":"2026-01-19T11:54:46","guid":{"rendered":"https:\/\/arazpiercingjewellery.com\/?post_type=product&#038;p=6028"},"modified":"2026-02-19T11:08:23","modified_gmt":"2026-02-19T11:08:23","slug":"penta-glow","status":"publish","type":"product","link":"https:\/\/arazpiercingjewellery.com\/de\/shop\/penta-glow\/","title":{"rendered":"Penta Glow"},"content":{"rendered":"","protected":false},"excerpt":{"rendered":"<p>I\u015f\u0131lt\u0131n\u0131n dozu art\u0131yor; kesintisiz bir par\u0131lt\u0131 \u015f\u00f6lenine haz\u0131r olun. <b data-path-to-node=\"2\" data-index-in-node=\"69\">Penta Glow<\/b>, sevilen \u00fc\u00e7l\u00fc modelin izinden giderek ihti\u015fam\u0131 bir \u00fcst seviyeye ta\u015f\u0131yor. Be\u015f adet kusursuz p\u0131rlanta kesim kristal, alt\u0131n (gold) bir hat \u00fczerinde m\u00fckemmel bir nizamla s\u0131ralanarak g\u00f6z kama\u015ft\u0131r\u0131c\u0131 bir \u0131\u015f\u0131k yolu olu\u015fturur. \u00d6zellikle helix veya kulak memesi (lobe) boyunca uzanarak tak\u0131ld\u0131\u011f\u0131nda, sadece bir k\u00fcpe de\u011fil, stilinizi ayd\u0131nlatan l\u00fcks bir mimari \u00f6\u011fe gibi durur. G\u00f6zden ka\u00e7mas\u0131 imkans\u0131z, iddial\u0131 bir \u0131\u015f\u0131lt\u0131 arayanlar i\u00e7in.<\/p>","protected":false},"featured_media":6030,"comment_status":"open","ping_status":"closed","template":"","meta":[],"product_cat":[39],"product_tag":[],"class_list":{"0":"post-6028","1":"product","2":"type-product","3":"status-publish","4":"has-post-thumbnail","6":"product_cat-tragus","8":"first","9":"instock","10":"taxable","11":"shipping-taxable","12":"purchasable","13":"product-type-simple"},"aioseo_notices":[],"_links":{"self":[{"href":"https:\/\/arazpiercingjewellery.com\/de\/wp-json\/wp\/v2\/product\/6028","targetHints":{"allow":["GET"]}}],"collection":[{"href":"https:\/\/arazpiercingjewellery.com\/de\/wp-json\/wp\/v2\/product"}],"about":[{"href":"https:\/\/arazpiercingjewellery.com\/de\/wp-json\/wp\/v2\/types\/product"}],"replies":[{"embeddable":true,"href":"https:\/\/arazpiercingjewellery.com\/de\/wp-json\/wp\/v2\/comments?post=6028"}],"version-history":[{"count":1,"href":"https:\/\/arazpiercingjewellery.com\/de\/wp-json\/wp\/v2\/product\/6028\/revisions"}],"predecessor-version":[{"id":6031,"href":"https:\/\/arazpiercingjewellery.com\/de\/wp-json\/wp\/v2\/product\/6028\/revisions\/6031"}],"wp:featuredmedia":[{"embeddable":true,"href":"https:\/\/arazpiercingjewellery.com\/de\/wp-json\/wp\/v2\/media\/6030"}],"wp:attachment":[{"href":"https:\/\/arazpiercingjewellery.com\/de\/wp-json\/wp\/v2\/media?parent=6028"}],"wp:term":[{"taxonomy":"product_cat","embeddable":true,"href":"https:\/\/arazpiercingjewellery.com\/de\/wp-json\/wp\/v2\/product_cat?post=6028"},{"taxonomy":"product_tag","embeddable":true,"href":"https:\/\/arazpiercingjewellery.com\/de\/wp-json\/wp\/v2\/product_tag?post=6028"}],"curies":[{"name":"wp","href":"https:\/\/api.w.org\/{rel}","templated":true}]}}