{"id":6024,"date":"2026-01-19T11:47:18","date_gmt":"2026-01-19T11:47:18","guid":{"rendered":"https:\/\/arazpiercingjewellery.com\/?post_type=product&#038;p=6024"},"modified":"2026-02-19T11:08:42","modified_gmt":"2026-02-19T11:08:42","slug":"golden-angel","status":"publish","type":"product","link":"https:\/\/arazpiercingjewellery.com\/de\/shop\/golden-angel\/","title":{"rendered":"Golden Angel"},"content":{"rendered":"","protected":false},"excerpt":{"rendered":"<p>Masumiyetin ve maneviyat\u0131n en zarif sembol\u00fc. <b data-path-to-node=\"2\" data-index-in-node=\"46\">Golden Angel<\/b>, dua eden melek fig\u00fcr\u00fcn\u00fc, alt\u0131n\u0131n (gold) p\u00fcr\u00fczs\u00fcz ve zamans\u0131z dokusuyla i\u015fliyor. Kanat detaylar\u0131ndaki ince i\u015f\u00e7ilik ile g\u00f6vdenin yal\u0131n duru\u015fu aras\u0131ndaki denge, bu ta\u015fs\u0131z tasar\u0131ma b\u00fcy\u00fcleyici bir derinlik ve \u00fc\u00e7 boyutlu bir etki katar. Kula\u011f\u0131n\u0131zda (tragus, helix veya lobe) her an yan\u0131n\u0131zda hissedece\u011finiz, huzur ve zarafet dolu manevi bir koruyucu.<\/p>","protected":false},"featured_media":6026,"comment_status":"open","ping_status":"closed","template":"","meta":[],"product_cat":[39],"product_tag":[],"class_list":{"0":"post-6024","1":"product","2":"type-product","3":"status-publish","4":"has-post-thumbnail","6":"product_cat-tragus","8":"first","9":"instock","10":"taxable","11":"shipping-taxable","12":"purchasable","13":"product-type-simple"},"aioseo_notices":[],"_links":{"self":[{"href":"https:\/\/arazpiercingjewellery.com\/de\/wp-json\/wp\/v2\/product\/6024","targetHints":{"allow":["GET"]}}],"collection":[{"href":"https:\/\/arazpiercingjewellery.com\/de\/wp-json\/wp\/v2\/product"}],"about":[{"href":"https:\/\/arazpiercingjewellery.com\/de\/wp-json\/wp\/v2\/types\/product"}],"replies":[{"embeddable":true,"href":"https:\/\/arazpiercingjewellery.com\/de\/wp-json\/wp\/v2\/comments?post=6024"}],"version-history":[{"count":1,"href":"https:\/\/arazpiercingjewellery.com\/de\/wp-json\/wp\/v2\/product\/6024\/revisions"}],"predecessor-version":[{"id":6027,"href":"https:\/\/arazpiercingjewellery.com\/de\/wp-json\/wp\/v2\/product\/6024\/revisions\/6027"}],"wp:featuredmedia":[{"embeddable":true,"href":"https:\/\/arazpiercingjewellery.com\/de\/wp-json\/wp\/v2\/media\/6026"}],"wp:attachment":[{"href":"https:\/\/arazpiercingjewellery.com\/de\/wp-json\/wp\/v2\/media?parent=6024"}],"wp:term":[{"taxonomy":"product_cat","embeddable":true,"href":"https:\/\/arazpiercingjewellery.com\/de\/wp-json\/wp\/v2\/product_cat?post=6024"},{"taxonomy":"product_tag","embeddable":true,"href":"https:\/\/arazpiercingjewellery.com\/de\/wp-json\/wp\/v2\/product_tag?post=6024"}],"curies":[{"name":"wp","href":"https:\/\/api.w.org\/{rel}","templated":true}]}}