{"id":6008,"date":"2026-01-14T11:29:31","date_gmt":"2026-01-14T11:29:31","guid":{"rendered":"https:\/\/arazpiercingjewellery.com\/?post_type=product&#038;p=6008"},"modified":"2026-02-19T11:09:00","modified_gmt":"2026-02-19T11:09:00","slug":"pirates-gold","status":"publish","type":"product","link":"https:\/\/arazpiercingjewellery.com\/de\/shop\/pirates-gold\/","title":{"rendered":"Pirate&#8217;s Gold"},"content":{"rendered":"","protected":false},"excerpt":{"rendered":"<p>Macerac\u0131 ruhlar\u0131n ve kural tan\u0131mazlar\u0131n gizli hazinesi. <b data-path-to-node=\"2\" data-index-in-node=\"57\">Pirate&#8217;s Gold<\/b>, ikonik kuru kafa ve \u00e7apraz kemik sembol\u00fcn\u00fc, p\u00fcr\u00fczs\u00fcz alt\u0131n (gold) dokusunun en saf ve cesur haliyle sunuyor. Ta\u015fs\u0131z, net ve \u00fc\u00e7 boyutlu tasar\u0131m\u0131yla sadece bir aksesuar de\u011fil, \u00f6zg\u00fcrl\u00fc\u011f\u00fcn ve asi bir stilin alt\u0131n ganimetidir. Kula\u011f\u0131n\u0131zda (tragus, helix veya lobe) s\u0131radanl\u0131\u011fa meydan okuyan, kendinden emin bir duru\u015f sergilemek i\u00e7in tasarland\u0131.<\/p>","protected":false},"featured_media":6003,"comment_status":"open","ping_status":"closed","template":"","meta":[],"product_cat":[39],"product_tag":[],"class_list":{"0":"post-6008","1":"product","2":"type-product","3":"status-publish","4":"has-post-thumbnail","6":"product_cat-tragus","8":"first","9":"instock","10":"taxable","11":"shipping-taxable","12":"purchasable","13":"product-type-simple"},"aioseo_notices":[],"_links":{"self":[{"href":"https:\/\/arazpiercingjewellery.com\/de\/wp-json\/wp\/v2\/product\/6008","targetHints":{"allow":["GET"]}}],"collection":[{"href":"https:\/\/arazpiercingjewellery.com\/de\/wp-json\/wp\/v2\/product"}],"about":[{"href":"https:\/\/arazpiercingjewellery.com\/de\/wp-json\/wp\/v2\/types\/product"}],"replies":[{"embeddable":true,"href":"https:\/\/arazpiercingjewellery.com\/de\/wp-json\/wp\/v2\/comments?post=6008"}],"version-history":[{"count":1,"href":"https:\/\/arazpiercingjewellery.com\/de\/wp-json\/wp\/v2\/product\/6008\/revisions"}],"predecessor-version":[{"id":6011,"href":"https:\/\/arazpiercingjewellery.com\/de\/wp-json\/wp\/v2\/product\/6008\/revisions\/6011"}],"wp:featuredmedia":[{"embeddable":true,"href":"https:\/\/arazpiercingjewellery.com\/de\/wp-json\/wp\/v2\/media\/6003"}],"wp:attachment":[{"href":"https:\/\/arazpiercingjewellery.com\/de\/wp-json\/wp\/v2\/media?parent=6008"}],"wp:term":[{"taxonomy":"product_cat","embeddable":true,"href":"https:\/\/arazpiercingjewellery.com\/de\/wp-json\/wp\/v2\/product_cat?post=6008"},{"taxonomy":"product_tag","embeddable":true,"href":"https:\/\/arazpiercingjewellery.com\/de\/wp-json\/wp\/v2\/product_tag?post=6008"}],"curies":[{"name":"wp","href":"https:\/\/api.w.org\/{rel}","templated":true}]}}