{"id":5997,"date":"2026-01-14T11:05:01","date_gmt":"2026-01-14T11:05:01","guid":{"rendered":"https:\/\/arazpiercingjewellery.com\/?post_type=product&#038;p=5997"},"modified":"2026-02-19T11:09:32","modified_gmt":"2026-02-19T11:09:32","slug":"golden-prism","status":"publish","type":"product","link":"https:\/\/arazpiercingjewellery.com\/de\/shop\/golden-prism\/","title":{"rendered":"Golden Prism"},"content":{"rendered":"","protected":false},"excerpt":{"rendered":"<p>I\u015f\u0131\u011f\u0131n modern mimarisi kula\u011f\u0131n\u0131zda. <b data-path-to-node=\"2\" data-index-in-node=\"37\">Golden Prism<\/b>, keskin hatl\u0131 alt\u0131n (gold) bir e\u015fkenar d\u00f6rtgen (rhombus) \u00e7er\u00e7evenin tam kalbine yerle\u015ftirilmi\u015f tek bir kristal ta\u015ftan olu\u015fuyor. Ta\u015f\u0131n \u00e7er\u00e7eve i\u00e7inde sanki havada as\u0131l\u0131ym\u0131\u015f gibi duran &#8216;floating&#8217; efekti, tasar\u0131ma derinlik ve \u00e7a\u011fda\u015f bir hava katar. Tragus, helix veya lobe b\u00f6lgenizde, minimalizmden \u00f6d\u00fcn vermeden geometrik bir \u015f\u0131kl\u0131k yakalamak isteyenler i\u00e7in kusursuz bir tercih<\/p>","protected":false},"featured_media":5999,"comment_status":"open","ping_status":"closed","template":"","meta":[],"product_cat":[39],"product_tag":[],"class_list":{"0":"post-5997","1":"product","2":"type-product","3":"status-publish","4":"has-post-thumbnail","6":"product_cat-tragus","8":"first","9":"instock","10":"taxable","11":"shipping-taxable","12":"purchasable","13":"product-type-simple"},"aioseo_notices":[],"_links":{"self":[{"href":"https:\/\/arazpiercingjewellery.com\/de\/wp-json\/wp\/v2\/product\/5997","targetHints":{"allow":["GET"]}}],"collection":[{"href":"https:\/\/arazpiercingjewellery.com\/de\/wp-json\/wp\/v2\/product"}],"about":[{"href":"https:\/\/arazpiercingjewellery.com\/de\/wp-json\/wp\/v2\/types\/product"}],"replies":[{"embeddable":true,"href":"https:\/\/arazpiercingjewellery.com\/de\/wp-json\/wp\/v2\/comments?post=5997"}],"version-history":[{"count":1,"href":"https:\/\/arazpiercingjewellery.com\/de\/wp-json\/wp\/v2\/product\/5997\/revisions"}],"predecessor-version":[{"id":6000,"href":"https:\/\/arazpiercingjewellery.com\/de\/wp-json\/wp\/v2\/product\/5997\/revisions\/6000"}],"wp:featuredmedia":[{"embeddable":true,"href":"https:\/\/arazpiercingjewellery.com\/de\/wp-json\/wp\/v2\/media\/5999"}],"wp:attachment":[{"href":"https:\/\/arazpiercingjewellery.com\/de\/wp-json\/wp\/v2\/media?parent=5997"}],"wp:term":[{"taxonomy":"product_cat","embeddable":true,"href":"https:\/\/arazpiercingjewellery.com\/de\/wp-json\/wp\/v2\/product_cat?post=5997"},{"taxonomy":"product_tag","embeddable":true,"href":"https:\/\/arazpiercingjewellery.com\/de\/wp-json\/wp\/v2\/product_tag?post=5997"}],"curies":[{"name":"wp","href":"https:\/\/api.w.org\/{rel}","templated":true}]}}