{"id":5993,"date":"2026-01-14T10:59:10","date_gmt":"2026-01-14T10:59:10","guid":{"rendered":"https:\/\/arazpiercingjewellery.com\/?post_type=product&#038;p=5993"},"modified":"2026-02-19T11:10:01","modified_gmt":"2026-02-19T11:10:01","slug":"classic-spade","status":"publish","type":"product","link":"https:\/\/arazpiercingjewellery.com\/de\/shop\/classic-spade\/","title":{"rendered":"Classic Spade"},"content":{"rendered":"","protected":false},"excerpt":{"rendered":"<p>Baz\u0131 semboller zaman\u0131n \u00f6tesindedir. <b data-path-to-node=\"2\" data-index-in-node=\"37\">Classic Spade<\/b>, oyun kartlar\u0131n\u0131n en g\u00fc\u00e7l\u00fc fig\u00fcr\u00fcn\u00fc, p\u00fcr\u00fczs\u00fcz alt\u0131n (gold) dokusu ve kusursuz, net hatlar\u0131yla yeniden yorumluyor. Ta\u015fs\u0131z ve yass\u0131 tasar\u0131m\u0131yla &#8216;az \u00e7oktur&#8217; felsefesinin m\u00fckemmel bir \u00f6rne\u011fi olan bu par\u00e7a, abart\u0131dan uzak, kendinden emin bir \u015f\u0131kl\u0131k sunar. Tragus, helix veya lobe b\u00f6lgenizde; tek ba\u015f\u0131na g\u00fc\u00e7l\u00fc bir beyan, di\u011fer par\u00e7alarla ise m\u00fckemmel bir dengeleyici olarak kullanabilece\u011finiz, modas\u0131 asla ge\u00e7meyecek bir klasik.<\/p>","protected":false},"featured_media":5994,"comment_status":"open","ping_status":"closed","template":"","meta":[],"product_cat":[39],"product_tag":[],"class_list":{"0":"post-5993","1":"product","2":"type-product","3":"status-publish","4":"has-post-thumbnail","6":"product_cat-tragus","8":"first","9":"instock","10":"taxable","11":"shipping-taxable","12":"purchasable","13":"product-type-simple"},"aioseo_notices":[],"_links":{"self":[{"href":"https:\/\/arazpiercingjewellery.com\/de\/wp-json\/wp\/v2\/product\/5993","targetHints":{"allow":["GET"]}}],"collection":[{"href":"https:\/\/arazpiercingjewellery.com\/de\/wp-json\/wp\/v2\/product"}],"about":[{"href":"https:\/\/arazpiercingjewellery.com\/de\/wp-json\/wp\/v2\/types\/product"}],"replies":[{"embeddable":true,"href":"https:\/\/arazpiercingjewellery.com\/de\/wp-json\/wp\/v2\/comments?post=5993"}],"version-history":[{"count":1,"href":"https:\/\/arazpiercingjewellery.com\/de\/wp-json\/wp\/v2\/product\/5993\/revisions"}],"predecessor-version":[{"id":5996,"href":"https:\/\/arazpiercingjewellery.com\/de\/wp-json\/wp\/v2\/product\/5993\/revisions\/5996"}],"wp:featuredmedia":[{"embeddable":true,"href":"https:\/\/arazpiercingjewellery.com\/de\/wp-json\/wp\/v2\/media\/5994"}],"wp:attachment":[{"href":"https:\/\/arazpiercingjewellery.com\/de\/wp-json\/wp\/v2\/media?parent=5993"}],"wp:term":[{"taxonomy":"product_cat","embeddable":true,"href":"https:\/\/arazpiercingjewellery.com\/de\/wp-json\/wp\/v2\/product_cat?post=5993"},{"taxonomy":"product_tag","embeddable":true,"href":"https:\/\/arazpiercingjewellery.com\/de\/wp-json\/wp\/v2\/product_tag?post=5993"}],"curies":[{"name":"wp","href":"https:\/\/api.w.org\/{rel}","templated":true}]}}