{"id":5989,"date":"2026-01-14T10:53:44","date_gmt":"2026-01-14T10:53:44","guid":{"rendered":"https:\/\/arazpiercingjewellery.com\/?post_type=product&#038;p=5989"},"modified":"2026-02-19T11:10:12","modified_gmt":"2026-02-19T11:10:12","slug":"golden-melody","status":"publish","type":"product","link":"https:\/\/arazpiercingjewellery.com\/de\/shop\/golden-melody\/","title":{"rendered":"Golden Melody"},"content":{"rendered":"","protected":false},"excerpt":{"rendered":"<p>Hayat\u0131n ritmini kula\u011f\u0131n\u0131zda ta\u015f\u0131y\u0131n. <b data-path-to-node=\"2\" data-index-in-node=\"38\">Golden Melody<\/b>, m\u00fczi\u011fin evrensel dilini m\u00fccevher \u015f\u0131kl\u0131\u011f\u0131yla bulu\u015fturuyor. \u00c7iftli nota fig\u00fcr\u00fcn\u00fcn sap ve kiri\u015f k\u0131s\u0131mlar\u0131, kristal ta\u015flar\u0131n ince i\u015f\u00e7ili\u011fiyle bezenerek \u0131\u015f\u0131lt\u0131l\u0131 bir porte yarat\u0131yor. M\u00fczi\u011fe tutkun ruhlar i\u00e7in tasarlanan bu par\u00e7a; tragus, helix veya lobe b\u00f6lgenizde her an size e\u015flik edecek zarif bir melodi gibi par\u0131ldar.<\/p>","protected":false},"featured_media":5991,"comment_status":"open","ping_status":"closed","template":"","meta":[],"product_cat":[39],"product_tag":[],"class_list":{"0":"post-5989","1":"product","2":"type-product","3":"status-publish","4":"has-post-thumbnail","6":"product_cat-tragus","8":"first","9":"instock","10":"taxable","11":"shipping-taxable","12":"purchasable","13":"product-type-simple"},"aioseo_notices":[],"_links":{"self":[{"href":"https:\/\/arazpiercingjewellery.com\/de\/wp-json\/wp\/v2\/product\/5989","targetHints":{"allow":["GET"]}}],"collection":[{"href":"https:\/\/arazpiercingjewellery.com\/de\/wp-json\/wp\/v2\/product"}],"about":[{"href":"https:\/\/arazpiercingjewellery.com\/de\/wp-json\/wp\/v2\/types\/product"}],"replies":[{"embeddable":true,"href":"https:\/\/arazpiercingjewellery.com\/de\/wp-json\/wp\/v2\/comments?post=5989"}],"version-history":[{"count":1,"href":"https:\/\/arazpiercingjewellery.com\/de\/wp-json\/wp\/v2\/product\/5989\/revisions"}],"predecessor-version":[{"id":5992,"href":"https:\/\/arazpiercingjewellery.com\/de\/wp-json\/wp\/v2\/product\/5989\/revisions\/5992"}],"wp:featuredmedia":[{"embeddable":true,"href":"https:\/\/arazpiercingjewellery.com\/de\/wp-json\/wp\/v2\/media\/5991"}],"wp:attachment":[{"href":"https:\/\/arazpiercingjewellery.com\/de\/wp-json\/wp\/v2\/media?parent=5989"}],"wp:term":[{"taxonomy":"product_cat","embeddable":true,"href":"https:\/\/arazpiercingjewellery.com\/de\/wp-json\/wp\/v2\/product_cat?post=5989"},{"taxonomy":"product_tag","embeddable":true,"href":"https:\/\/arazpiercingjewellery.com\/de\/wp-json\/wp\/v2\/product_tag?post=5989"}],"curies":[{"name":"wp","href":"https:\/\/api.w.org\/{rel}","templated":true}]}}