{"id":5985,"date":"2026-01-14T10:49:12","date_gmt":"2026-01-14T10:49:12","guid":{"rendered":"https:\/\/arazpiercingjewellery.com\/?post_type=product&#038;p=5985"},"modified":"2026-02-19T11:10:30","modified_gmt":"2026-02-19T11:10:30","slug":"royal-bee","status":"publish","type":"product","link":"https:\/\/arazpiercingjewellery.com\/de\/shop\/royal-bee\/","title":{"rendered":"Royal Bee"},"content":{"rendered":"","protected":false},"excerpt":{"rendered":"<p>Do\u011fan\u0131n en \u00e7al\u0131\u015fkan krali\u00e7esi, \u015fimdi en asil formunda. <b data-path-to-node=\"2\" data-index-in-node=\"56\">Royal Bee<\/b>, ar\u0131 fig\u00fcr\u00fcn\u00fcn detayl\u0131 anatomisini p\u00fcr\u00fczs\u00fcz alt\u0131n (gold) dokusuyla \u00f6l\u00fcms\u00fczle\u015ftiriyor. Bombe g\u00f6vdesi, zarif kanatlar\u0131 ve anten detaylar\u0131yla \u00fc\u00e7 boyutlu bir sanat eseri gibi duran bu tasar\u0131m, ta\u015fs\u0131z yap\u0131s\u0131yla sade ama g\u00fc\u00e7l\u00fc bir duru\u015f sergiler. Kula\u011f\u0131n\u0131zda (tragus, helix veya lobe) hem \u00fcretkenli\u011fi hem de g\u00fcc\u00fc simgeleyen, kraliyet ailesine lay\u0131k bir sembol.<\/p>","protected":false},"featured_media":5987,"comment_status":"open","ping_status":"closed","template":"","meta":[],"product_cat":[39],"product_tag":[],"class_list":{"0":"post-5985","1":"product","2":"type-product","3":"status-publish","4":"has-post-thumbnail","6":"product_cat-tragus","8":"first","9":"instock","10":"taxable","11":"shipping-taxable","12":"purchasable","13":"product-type-simple"},"aioseo_notices":[],"_links":{"self":[{"href":"https:\/\/arazpiercingjewellery.com\/de\/wp-json\/wp\/v2\/product\/5985","targetHints":{"allow":["GET"]}}],"collection":[{"href":"https:\/\/arazpiercingjewellery.com\/de\/wp-json\/wp\/v2\/product"}],"about":[{"href":"https:\/\/arazpiercingjewellery.com\/de\/wp-json\/wp\/v2\/types\/product"}],"replies":[{"embeddable":true,"href":"https:\/\/arazpiercingjewellery.com\/de\/wp-json\/wp\/v2\/comments?post=5985"}],"version-history":[{"count":1,"href":"https:\/\/arazpiercingjewellery.com\/de\/wp-json\/wp\/v2\/product\/5985\/revisions"}],"predecessor-version":[{"id":5988,"href":"https:\/\/arazpiercingjewellery.com\/de\/wp-json\/wp\/v2\/product\/5985\/revisions\/5988"}],"wp:featuredmedia":[{"embeddable":true,"href":"https:\/\/arazpiercingjewellery.com\/de\/wp-json\/wp\/v2\/media\/5987"}],"wp:attachment":[{"href":"https:\/\/arazpiercingjewellery.com\/de\/wp-json\/wp\/v2\/media?parent=5985"}],"wp:term":[{"taxonomy":"product_cat","embeddable":true,"href":"https:\/\/arazpiercingjewellery.com\/de\/wp-json\/wp\/v2\/product_cat?post=5985"},{"taxonomy":"product_tag","embeddable":true,"href":"https:\/\/arazpiercingjewellery.com\/de\/wp-json\/wp\/v2\/product_tag?post=5985"}],"curies":[{"name":"wp","href":"https:\/\/api.w.org\/{rel}","templated":true}]}}