{"id":5981,"date":"2026-01-14T10:40:05","date_gmt":"2026-01-14T10:40:05","guid":{"rendered":"https:\/\/arazpiercingjewellery.com\/?post_type=product&#038;p=5981"},"modified":"2026-02-19T11:10:41","modified_gmt":"2026-02-19T11:10:41","slug":"sparkling-daisy","status":"publish","type":"product","link":"https:\/\/arazpiercingjewellery.com\/de\/shop\/sparkling-daisy\/","title":{"rendered":"Sparkling Daisy"},"content":{"rendered":"","protected":false},"excerpt":{"rendered":"<p>Bahar\u0131n en taze \u0131\u015f\u0131lt\u0131s\u0131 kula\u011f\u0131n\u0131zda a\u00e7s\u0131n. <b data-path-to-node=\"2\" data-index-in-node=\"45\">Sparkling Daisy<\/b>, alt\u0131 adet parlak kristal ta\u015f\u0131n narin bir papatya formunda bir araya gelmesiyle tasarland\u0131. Merkezdeki ta\u015f\u0131 \u00e7evreleyen be\u015f yaprak detay\u0131, \u0131\u015f\u0131\u011f\u0131 her y\u00f6ne yans\u0131tarak k\u00fc\u00e7\u00fck ama etkileyici bir par\u0131lt\u0131 k\u00fcmesi olu\u015fturur. Romantik, feminen ve her daim canl\u0131 bir stil arayanlar i\u00e7in; tragus, helix veya lobe kombinlerinize bahar havas\u0131 katacak.<\/p>","protected":false},"featured_media":5982,"comment_status":"open","ping_status":"closed","template":"","meta":[],"product_cat":[39],"product_tag":[],"class_list":{"0":"post-5981","1":"product","2":"type-product","3":"status-publish","4":"has-post-thumbnail","6":"product_cat-tragus","8":"first","9":"instock","10":"taxable","11":"shipping-taxable","12":"purchasable","13":"product-type-simple"},"aioseo_notices":[],"_links":{"self":[{"href":"https:\/\/arazpiercingjewellery.com\/de\/wp-json\/wp\/v2\/product\/5981","targetHints":{"allow":["GET"]}}],"collection":[{"href":"https:\/\/arazpiercingjewellery.com\/de\/wp-json\/wp\/v2\/product"}],"about":[{"href":"https:\/\/arazpiercingjewellery.com\/de\/wp-json\/wp\/v2\/types\/product"}],"replies":[{"embeddable":true,"href":"https:\/\/arazpiercingjewellery.com\/de\/wp-json\/wp\/v2\/comments?post=5981"}],"version-history":[{"count":1,"href":"https:\/\/arazpiercingjewellery.com\/de\/wp-json\/wp\/v2\/product\/5981\/revisions"}],"predecessor-version":[{"id":5984,"href":"https:\/\/arazpiercingjewellery.com\/de\/wp-json\/wp\/v2\/product\/5981\/revisions\/5984"}],"wp:featuredmedia":[{"embeddable":true,"href":"https:\/\/arazpiercingjewellery.com\/de\/wp-json\/wp\/v2\/media\/5982"}],"wp:attachment":[{"href":"https:\/\/arazpiercingjewellery.com\/de\/wp-json\/wp\/v2\/media?parent=5981"}],"wp:term":[{"taxonomy":"product_cat","embeddable":true,"href":"https:\/\/arazpiercingjewellery.com\/de\/wp-json\/wp\/v2\/product_cat?post=5981"},{"taxonomy":"product_tag","embeddable":true,"href":"https:\/\/arazpiercingjewellery.com\/de\/wp-json\/wp\/v2\/product_tag?post=5981"}],"curies":[{"name":"wp","href":"https:\/\/api.w.org\/{rel}","templated":true}]}}