{"id":5977,"date":"2026-01-14T09:44:23","date_gmt":"2026-01-14T09:44:23","guid":{"rendered":"https:\/\/arazpiercingjewellery.com\/?post_type=product&#038;p=5977"},"modified":"2026-02-19T11:11:09","modified_gmt":"2026-02-19T11:11:09","slug":"secret-key","status":"publish","type":"product","link":"https:\/\/arazpiercingjewellery.com\/de\/shop\/secret-key\/","title":{"rendered":"Secret Key"},"content":{"rendered":"","protected":false},"excerpt":{"rendered":"<p>Yeni ba\u015flang\u0131\u00e7lar\u0131n ve tutulan s\u0131rlar\u0131n zarif sembol\u00fc. <b data-path-to-node=\"2\" data-index-in-node=\"56\">Secret Key<\/b>, nostaljik iskelet anahtar formunu, alt\u0131n\u0131n (gold) p\u00fcr\u00fczs\u00fcz ve zamans\u0131z dokusuyla bulu\u015fturuyor. Ba\u015f k\u0131sm\u0131ndaki \u00fc\u00e7 yaprakl\u0131 yonca detaylar\u0131 ve klasik g\u00f6vdesiyle vintage bir hava estiren bu tasar\u0131m, tamamen ta\u015fs\u0131z yap\u0131s\u0131yla sade ama anlaml\u0131 bir duru\u015f sergiler. Kula\u011f\u0131n\u0131zda (tragus, helix veya lobe) stilinizin gizli kap\u0131lar\u0131n\u0131 aralamak i\u00e7in bekleyen minik bir hazine.<\/p>","protected":false},"featured_media":5979,"comment_status":"open","ping_status":"closed","template":"","meta":[],"product_cat":[39],"product_tag":[],"class_list":{"0":"post-5977","1":"product","2":"type-product","3":"status-publish","4":"has-post-thumbnail","6":"product_cat-tragus","8":"first","9":"instock","10":"sale","11":"taxable","12":"shipping-taxable","13":"purchasable","14":"product-type-simple"},"aioseo_notices":[],"_links":{"self":[{"href":"https:\/\/arazpiercingjewellery.com\/de\/wp-json\/wp\/v2\/product\/5977","targetHints":{"allow":["GET"]}}],"collection":[{"href":"https:\/\/arazpiercingjewellery.com\/de\/wp-json\/wp\/v2\/product"}],"about":[{"href":"https:\/\/arazpiercingjewellery.com\/de\/wp-json\/wp\/v2\/types\/product"}],"replies":[{"embeddable":true,"href":"https:\/\/arazpiercingjewellery.com\/de\/wp-json\/wp\/v2\/comments?post=5977"}],"version-history":[{"count":1,"href":"https:\/\/arazpiercingjewellery.com\/de\/wp-json\/wp\/v2\/product\/5977\/revisions"}],"predecessor-version":[{"id":5980,"href":"https:\/\/arazpiercingjewellery.com\/de\/wp-json\/wp\/v2\/product\/5977\/revisions\/5980"}],"wp:featuredmedia":[{"embeddable":true,"href":"https:\/\/arazpiercingjewellery.com\/de\/wp-json\/wp\/v2\/media\/5979"}],"wp:attachment":[{"href":"https:\/\/arazpiercingjewellery.com\/de\/wp-json\/wp\/v2\/media?parent=5977"}],"wp:term":[{"taxonomy":"product_cat","embeddable":true,"href":"https:\/\/arazpiercingjewellery.com\/de\/wp-json\/wp\/v2\/product_cat?post=5977"},{"taxonomy":"product_tag","embeddable":true,"href":"https:\/\/arazpiercingjewellery.com\/de\/wp-json\/wp\/v2\/product_tag?post=5977"}],"curies":[{"name":"wp","href":"https:\/\/api.w.org\/{rel}","templated":true}]}}