{"id":5973,"date":"2026-01-14T09:34:38","date_gmt":"2026-01-14T09:34:38","guid":{"rendered":"https:\/\/arazpiercingjewellery.com\/?post_type=product&#038;p=5973"},"modified":"2026-02-19T11:13:10","modified_gmt":"2026-02-19T11:13:10","slug":"crystal-solitaire","status":"publish","type":"product","link":"https:\/\/arazpiercingjewellery.com\/de\/shop\/crystal-solitaire\/","title":{"rendered":"14 Ayar 0.25 Karat P\u0131rlanta Solitaire Tragus Piercing"},"content":{"rendered":"","protected":false},"excerpt":{"rendered":"<p>Asla modas\u0131 ge\u00e7meyen tek ger\u00e7ek. <b data-path-to-node=\"2\" data-index-in-node=\"34\">Crystal Solitaire<\/b>, m\u00fccevher tasar\u0131m\u0131n\u0131n en saf halini, kusursuz bir i\u015f\u00e7ilikle sunuyor. D\u00f6rt adet g\u00fc\u00e7l\u00fc t\u0131rnak (prong) ile g\u00fcvenle kavranan yuvarlak kesim kristal ta\u015f, \u0131\u015f\u0131\u011f\u0131 her a\u00e7\u0131dan k\u0131rarak b\u00fcy\u00fcleyici bir derinlik yarat\u0131r. Tek ba\u015f\u0131na kullan\u0131ld\u0131\u011f\u0131nda sofistike bir duru\u015f sergilerken, di\u011fer iddial\u0131 par\u00e7alarla (Golden Serpent, Queen of Spades) kombinlendi\u011finde dengeleyici bir rol \u00fcstlenir. Tragus, helix veya lobe fark etmeksizin, her delimde olmas\u0131 gereken &#8216;o&#8217; klasik par\u00e7a.<\/p>","protected":false},"featured_media":5975,"comment_status":"open","ping_status":"closed","template":"","meta":[],"product_cat":[39],"product_tag":[],"class_list":{"0":"post-5973","1":"product","2":"type-product","3":"status-publish","4":"has-post-thumbnail","6":"product_cat-tragus","8":"first","9":"instock","10":"taxable","11":"shipping-taxable","12":"purchasable","13":"product-type-simple"},"aioseo_notices":[],"_links":{"self":[{"href":"https:\/\/arazpiercingjewellery.com\/de\/wp-json\/wp\/v2\/product\/5973","targetHints":{"allow":["GET"]}}],"collection":[{"href":"https:\/\/arazpiercingjewellery.com\/de\/wp-json\/wp\/v2\/product"}],"about":[{"href":"https:\/\/arazpiercingjewellery.com\/de\/wp-json\/wp\/v2\/types\/product"}],"replies":[{"embeddable":true,"href":"https:\/\/arazpiercingjewellery.com\/de\/wp-json\/wp\/v2\/comments?post=5973"}],"version-history":[{"count":2,"href":"https:\/\/arazpiercingjewellery.com\/de\/wp-json\/wp\/v2\/product\/5973\/revisions"}],"predecessor-version":[{"id":6449,"href":"https:\/\/arazpiercingjewellery.com\/de\/wp-json\/wp\/v2\/product\/5973\/revisions\/6449"}],"wp:featuredmedia":[{"embeddable":true,"href":"https:\/\/arazpiercingjewellery.com\/de\/wp-json\/wp\/v2\/media\/5975"}],"wp:attachment":[{"href":"https:\/\/arazpiercingjewellery.com\/de\/wp-json\/wp\/v2\/media?parent=5973"}],"wp:term":[{"taxonomy":"product_cat","embeddable":true,"href":"https:\/\/arazpiercingjewellery.com\/de\/wp-json\/wp\/v2\/product_cat?post=5973"},{"taxonomy":"product_tag","embeddable":true,"href":"https:\/\/arazpiercingjewellery.com\/de\/wp-json\/wp\/v2\/product_tag?post=5973"}],"curies":[{"name":"wp","href":"https:\/\/api.w.org\/{rel}","templated":true}]}}