{"id":5969,"date":"2026-01-14T09:31:32","date_gmt":"2026-01-14T09:31:32","guid":{"rendered":"https:\/\/arazpiercingjewellery.com\/?post_type=product&#038;p=5969"},"modified":"2026-02-19T11:13:51","modified_gmt":"2026-02-19T11:13:51","slug":"bare-bones","status":"publish","type":"product","link":"https:\/\/arazpiercingjewellery.com\/de\/shop\/bare-bones\/","title":{"rendered":"Bare Bones"},"content":{"rendered":"","protected":false},"excerpt":{"rendered":"<p>Fazlal\u0131klardan ar\u0131nm\u0131\u015f, saf ve cesur bir stil. <b data-path-to-node=\"2\" data-index-in-node=\"48\">Bare Bones<\/b>, ikonik bal\u0131k k\u0131l\u00e7\u0131\u011f\u0131 fig\u00fcr\u00fcn\u00fc en yal\u0131n haliyle, p\u00fcr\u00fczs\u00fcz alt\u0131n (gold) dokusuyla sunuyor. Ta\u015fs\u0131z tasar\u0131m\u0131yla &#8216;less is more&#8217; (az \u00e7oktur) felsefesini ve biraz da asi bir ruhu temsil eder. Kula\u011f\u0131n\u0131zda (tragus, helix veya lobe) hem esprili hem de s\u0131ra d\u0131\u015f\u0131 bir imza b\u0131rakmak isteyenler i\u00e7in tasarland\u0131.<\/p>","protected":false},"featured_media":5971,"comment_status":"open","ping_status":"closed","template":"","meta":[],"product_cat":[39],"product_tag":[],"class_list":{"0":"post-5969","1":"product","2":"type-product","3":"status-publish","4":"has-post-thumbnail","6":"product_cat-tragus","8":"first","9":"instock","10":"taxable","11":"shipping-taxable","12":"purchasable","13":"product-type-simple"},"aioseo_notices":[],"_links":{"self":[{"href":"https:\/\/arazpiercingjewellery.com\/de\/wp-json\/wp\/v2\/product\/5969","targetHints":{"allow":["GET"]}}],"collection":[{"href":"https:\/\/arazpiercingjewellery.com\/de\/wp-json\/wp\/v2\/product"}],"about":[{"href":"https:\/\/arazpiercingjewellery.com\/de\/wp-json\/wp\/v2\/types\/product"}],"replies":[{"embeddable":true,"href":"https:\/\/arazpiercingjewellery.com\/de\/wp-json\/wp\/v2\/comments?post=5969"}],"version-history":[{"count":1,"href":"https:\/\/arazpiercingjewellery.com\/de\/wp-json\/wp\/v2\/product\/5969\/revisions"}],"predecessor-version":[{"id":5972,"href":"https:\/\/arazpiercingjewellery.com\/de\/wp-json\/wp\/v2\/product\/5969\/revisions\/5972"}],"wp:featuredmedia":[{"embeddable":true,"href":"https:\/\/arazpiercingjewellery.com\/de\/wp-json\/wp\/v2\/media\/5971"}],"wp:attachment":[{"href":"https:\/\/arazpiercingjewellery.com\/de\/wp-json\/wp\/v2\/media?parent=5969"}],"wp:term":[{"taxonomy":"product_cat","embeddable":true,"href":"https:\/\/arazpiercingjewellery.com\/de\/wp-json\/wp\/v2\/product_cat?post=5969"},{"taxonomy":"product_tag","embeddable":true,"href":"https:\/\/arazpiercingjewellery.com\/de\/wp-json\/wp\/v2\/product_tag?post=5969"}],"curies":[{"name":"wp","href":"https:\/\/api.w.org\/{rel}","templated":true}]}}