{"id":5964,"date":"2026-01-14T09:24:18","date_gmt":"2026-01-14T09:24:18","guid":{"rendered":"https:\/\/arazpiercingjewellery.com\/?post_type=product&#038;p=5964"},"modified":"2026-02-19T11:14:02","modified_gmt":"2026-02-19T11:14:02","slug":"triple-glow","status":"publish","type":"product","link":"https:\/\/arazpiercingjewellery.com\/de\/shop\/triple-glow\/","title":{"rendered":"Triple Glow"},"content":{"rendered":"","protected":false},"excerpt":{"rendered":"<p>I\u015f\u0131lt\u0131 hi\u00e7 bu kadar ak\u0131c\u0131 olmam\u0131\u015ft\u0131. <b data-path-to-node=\"2\" data-index-in-node=\"38\">Triple Glow<\/b>, \u00fc\u00e7 adet p\u0131rlanta kesim kristal ta\u015f\u0131, kula\u011f\u0131n do\u011fal k\u0131vr\u0131m\u0131na uyum sa\u011flayan zarif bir kavisle (arc) yan yana diziyor. Ta\u015flar\u0131 \u00e7evreleyen p\u00fcr\u00fczs\u00fcz alt\u0131n (bezel) \u00e7er\u00e7eveler, tasar\u0131ma modern ve zamans\u0131z bir hava katarken, \u0131\u015f\u0131\u011f\u0131n g\u00fcc\u00fcn\u00fc \u00fc\u00e7e katlar. Tragus, helix veya lobe b\u00f6lgesi i\u00e7in ideal olan bu par\u00e7a, &#8216;ear stack&#8217; (kulak kombinleri) sanat\u0131n\u0131n vazge\u00e7ilmez bir tamamlay\u0131c\u0131s\u0131d\u0131r.<\/p>","protected":false},"featured_media":5966,"comment_status":"open","ping_status":"closed","template":"","meta":[],"product_cat":[39],"product_tag":[],"class_list":{"0":"post-5964","1":"product","2":"type-product","3":"status-publish","4":"has-post-thumbnail","6":"product_cat-tragus","8":"first","9":"instock","10":"taxable","11":"shipping-taxable","12":"purchasable","13":"product-type-simple"},"aioseo_notices":[],"_links":{"self":[{"href":"https:\/\/arazpiercingjewellery.com\/de\/wp-json\/wp\/v2\/product\/5964","targetHints":{"allow":["GET"]}}],"collection":[{"href":"https:\/\/arazpiercingjewellery.com\/de\/wp-json\/wp\/v2\/product"}],"about":[{"href":"https:\/\/arazpiercingjewellery.com\/de\/wp-json\/wp\/v2\/types\/product"}],"replies":[{"embeddable":true,"href":"https:\/\/arazpiercingjewellery.com\/de\/wp-json\/wp\/v2\/comments?post=5964"}],"version-history":[{"count":2,"href":"https:\/\/arazpiercingjewellery.com\/de\/wp-json\/wp\/v2\/product\/5964\/revisions"}],"predecessor-version":[{"id":5968,"href":"https:\/\/arazpiercingjewellery.com\/de\/wp-json\/wp\/v2\/product\/5964\/revisions\/5968"}],"wp:featuredmedia":[{"embeddable":true,"href":"https:\/\/arazpiercingjewellery.com\/de\/wp-json\/wp\/v2\/media\/5966"}],"wp:attachment":[{"href":"https:\/\/arazpiercingjewellery.com\/de\/wp-json\/wp\/v2\/media?parent=5964"}],"wp:term":[{"taxonomy":"product_cat","embeddable":true,"href":"https:\/\/arazpiercingjewellery.com\/de\/wp-json\/wp\/v2\/product_cat?post=5964"},{"taxonomy":"product_tag","embeddable":true,"href":"https:\/\/arazpiercingjewellery.com\/de\/wp-json\/wp\/v2\/product_tag?post=5964"}],"curies":[{"name":"wp","href":"https:\/\/api.w.org\/{rel}","templated":true}]}}