{"id":5959,"date":"2026-01-14T09:18:03","date_gmt":"2026-01-14T09:18:03","guid":{"rendered":"https:\/\/arazpiercingjewellery.com\/?post_type=product&#038;p=5959"},"modified":"2026-02-19T11:15:15","modified_gmt":"2026-02-19T11:15:15","slug":"golden-seahorse","status":"publish","type":"product","link":"https:\/\/arazpiercingjewellery.com\/de\/shop\/golden-seahorse\/","title":{"rendered":"Golden Seahorse"},"content":{"rendered":"","protected":false},"excerpt":{"rendered":"<p>Derin mavilerin en zarif s\u0131rr\u0131. <b data-path-to-node=\"2\" data-index-in-node=\"33\">Golden Seahorse<\/b>, denizalt\u0131 d\u00fcnyas\u0131n\u0131n mistik fig\u00fcr\u00fc denizat\u0131 formunu, g\u00f6vdesini kaplayan kristal ta\u015flar\u0131n \u0131slak \u0131\u015f\u0131lt\u0131s\u0131yla sunuyor. K\u0131vr\u0131ml\u0131 alt\u0131n (gold) kuyru\u011fu ve dik duru\u015fuyla asaleti simgeleyen bu tasar\u0131m, yaz kombinlerinizin en dikkat \u00e7ekici par\u00e7as\u0131 olacak. Kula\u011f\u0131n\u0131zda (tragus, helix veya lobe) okyanusun sakinle\u015ftirici etkisini ve narin zarafetini ta\u015f\u0131man\u0131z i\u00e7in tasarland\u0131.<\/p>","protected":false},"featured_media":5961,"comment_status":"open","ping_status":"closed","template":"","meta":[],"product_cat":[39],"product_tag":[],"class_list":{"0":"post-5959","1":"product","2":"type-product","3":"status-publish","4":"has-post-thumbnail","6":"product_cat-tragus","8":"first","9":"instock","10":"taxable","11":"shipping-taxable","12":"purchasable","13":"product-type-simple"},"aioseo_notices":[],"_links":{"self":[{"href":"https:\/\/arazpiercingjewellery.com\/de\/wp-json\/wp\/v2\/product\/5959","targetHints":{"allow":["GET"]}}],"collection":[{"href":"https:\/\/arazpiercingjewellery.com\/de\/wp-json\/wp\/v2\/product"}],"about":[{"href":"https:\/\/arazpiercingjewellery.com\/de\/wp-json\/wp\/v2\/types\/product"}],"replies":[{"embeddable":true,"href":"https:\/\/arazpiercingjewellery.com\/de\/wp-json\/wp\/v2\/comments?post=5959"}],"version-history":[{"count":2,"href":"https:\/\/arazpiercingjewellery.com\/de\/wp-json\/wp\/v2\/product\/5959\/revisions"}],"predecessor-version":[{"id":5963,"href":"https:\/\/arazpiercingjewellery.com\/de\/wp-json\/wp\/v2\/product\/5959\/revisions\/5963"}],"wp:featuredmedia":[{"embeddable":true,"href":"https:\/\/arazpiercingjewellery.com\/de\/wp-json\/wp\/v2\/media\/5961"}],"wp:attachment":[{"href":"https:\/\/arazpiercingjewellery.com\/de\/wp-json\/wp\/v2\/media?parent=5959"}],"wp:term":[{"taxonomy":"product_cat","embeddable":true,"href":"https:\/\/arazpiercingjewellery.com\/de\/wp-json\/wp\/v2\/product_cat?post=5959"},{"taxonomy":"product_tag","embeddable":true,"href":"https:\/\/arazpiercingjewellery.com\/de\/wp-json\/wp\/v2\/product_tag?post=5959"}],"curies":[{"name":"wp","href":"https:\/\/api.w.org\/{rel}","templated":true}]}}