{"id":5955,"date":"2026-01-14T09:09:24","date_gmt":"2026-01-14T09:09:24","guid":{"rendered":"https:\/\/arazpiercingjewellery.com\/?post_type=product&#038;p=5955"},"modified":"2026-02-19T11:15:30","modified_gmt":"2026-02-19T11:15:30","slug":"queen-of-spades","status":"publish","type":"product","link":"https:\/\/arazpiercingjewellery.com\/de\/shop\/queen-of-spades\/","title":{"rendered":"Queen of Spades"},"content":{"rendered":"","protected":false},"excerpt":{"rendered":"<p>G\u00fc\u00e7l\u00fc, gizemli ve her zaman oyunun hakimi. <b data-path-to-node=\"2\" data-index-in-node=\"44\">Queen of Spades<\/b>, ikonik Ma\u00e7a sembol\u00fcn\u00fc, i\u00e7ini tamamen dolduran kristal ta\u015flar\u0131n yo\u011fun \u0131\u015f\u0131lt\u0131s\u0131 ve alt\u0131n (gold) renginin asaletiyle yeniden yorumluyor. Keskin \u00fc\u00e7gen formu ve detayl\u0131 i\u015f\u00e7ili\u011fiyle sadece bir \u015fans t\u0131ls\u0131m\u0131 de\u011fil, ayn\u0131 zamanda iddial\u0131 bir stil beyan\u0131d\u0131r. Kula\u011f\u0131n\u0131zda (tragus, helix veya lobe) hem zekay\u0131 hem de zarafeti temsil eden, krali\u00e7elere lay\u0131k bir koz.<\/p>","protected":false},"featured_media":5957,"comment_status":"open","ping_status":"closed","template":"","meta":[],"product_cat":[39],"product_tag":[],"class_list":{"0":"post-5955","1":"product","2":"type-product","3":"status-publish","4":"has-post-thumbnail","6":"product_cat-tragus","8":"first","9":"instock","10":"taxable","11":"shipping-taxable","12":"purchasable","13":"product-type-simple"},"aioseo_notices":[],"_links":{"self":[{"href":"https:\/\/arazpiercingjewellery.com\/de\/wp-json\/wp\/v2\/product\/5955","targetHints":{"allow":["GET"]}}],"collection":[{"href":"https:\/\/arazpiercingjewellery.com\/de\/wp-json\/wp\/v2\/product"}],"about":[{"href":"https:\/\/arazpiercingjewellery.com\/de\/wp-json\/wp\/v2\/types\/product"}],"replies":[{"embeddable":true,"href":"https:\/\/arazpiercingjewellery.com\/de\/wp-json\/wp\/v2\/comments?post=5955"}],"version-history":[{"count":1,"href":"https:\/\/arazpiercingjewellery.com\/de\/wp-json\/wp\/v2\/product\/5955\/revisions"}],"predecessor-version":[{"id":5958,"href":"https:\/\/arazpiercingjewellery.com\/de\/wp-json\/wp\/v2\/product\/5955\/revisions\/5958"}],"wp:featuredmedia":[{"embeddable":true,"href":"https:\/\/arazpiercingjewellery.com\/de\/wp-json\/wp\/v2\/media\/5957"}],"wp:attachment":[{"href":"https:\/\/arazpiercingjewellery.com\/de\/wp-json\/wp\/v2\/media?parent=5955"}],"wp:term":[{"taxonomy":"product_cat","embeddable":true,"href":"https:\/\/arazpiercingjewellery.com\/de\/wp-json\/wp\/v2\/product_cat?post=5955"},{"taxonomy":"product_tag","embeddable":true,"href":"https:\/\/arazpiercingjewellery.com\/de\/wp-json\/wp\/v2\/product_tag?post=5955"}],"curies":[{"name":"wp","href":"https:\/\/api.w.org\/{rel}","templated":true}]}}