{"id":5951,"date":"2026-01-14T08:47:55","date_gmt":"2026-01-14T08:47:55","guid":{"rendered":"https:\/\/arazpiercingjewellery.com\/?post_type=product&#038;p=5951"},"modified":"2026-02-19T11:15:50","modified_gmt":"2026-02-19T11:15:50","slug":"north-star","status":"publish","type":"product","link":"https:\/\/arazpiercingjewellery.com\/de\/shop\/north-star\/","title":{"rendered":"North Star"},"content":{"rendered":"","protected":false},"excerpt":{"rendered":"<p>Parlakl\u0131\u011f\u0131yla yol g\u00f6steren, g\u00f6ky\u00fcz\u00fcn\u00fcn en sad\u0131k rehberi. <b data-path-to-node=\"2\" data-index-in-node=\"58\">North Star<\/b>, klasik y\u0131ld\u0131z formunu merkezindeki tek ta\u015f\u0131n saf \u0131\u015f\u0131lt\u0131s\u0131yla bulu\u015fturarak minimalist bir \u015f\u0131kl\u0131k sunuyor. Alt\u0131n (gold) \u00e7er\u00e7evesinin i\u00e7indeki hafif dokulu y\u00fczey detay\u0131, tasar\u0131ma derinlik katarken, merkezdeki ta\u015f sanki karanl\u0131kta parlayan bir umut \u0131\u015f\u0131\u011f\u0131 gibi g\u00f6r\u00fcn\u00fcr. Kula\u011f\u0131n\u0131zda (tragus, helix veya lobe) hem zarif bir \u0131\u015f\u0131lt\u0131 hem de size \u00f6zel bir pusula ta\u015f\u0131man\u0131z i\u00e7in tasarland\u0131.<\/p>","protected":false},"featured_media":5952,"comment_status":"open","ping_status":"closed","template":"","meta":[],"product_cat":[39],"product_tag":[],"class_list":{"0":"post-5951","1":"product","2":"type-product","3":"status-publish","4":"has-post-thumbnail","6":"product_cat-tragus","8":"first","9":"instock","10":"taxable","11":"shipping-taxable","12":"purchasable","13":"product-type-simple"},"aioseo_notices":[],"_links":{"self":[{"href":"https:\/\/arazpiercingjewellery.com\/de\/wp-json\/wp\/v2\/product\/5951","targetHints":{"allow":["GET"]}}],"collection":[{"href":"https:\/\/arazpiercingjewellery.com\/de\/wp-json\/wp\/v2\/product"}],"about":[{"href":"https:\/\/arazpiercingjewellery.com\/de\/wp-json\/wp\/v2\/types\/product"}],"replies":[{"embeddable":true,"href":"https:\/\/arazpiercingjewellery.com\/de\/wp-json\/wp\/v2\/comments?post=5951"}],"version-history":[{"count":1,"href":"https:\/\/arazpiercingjewellery.com\/de\/wp-json\/wp\/v2\/product\/5951\/revisions"}],"predecessor-version":[{"id":5954,"href":"https:\/\/arazpiercingjewellery.com\/de\/wp-json\/wp\/v2\/product\/5951\/revisions\/5954"}],"wp:featuredmedia":[{"embeddable":true,"href":"https:\/\/arazpiercingjewellery.com\/de\/wp-json\/wp\/v2\/media\/5952"}],"wp:attachment":[{"href":"https:\/\/arazpiercingjewellery.com\/de\/wp-json\/wp\/v2\/media?parent=5951"}],"wp:term":[{"taxonomy":"product_cat","embeddable":true,"href":"https:\/\/arazpiercingjewellery.com\/de\/wp-json\/wp\/v2\/product_cat?post=5951"},{"taxonomy":"product_tag","embeddable":true,"href":"https:\/\/arazpiercingjewellery.com\/de\/wp-json\/wp\/v2\/product_tag?post=5951"}],"curies":[{"name":"wp","href":"https:\/\/api.w.org\/{rel}","templated":true}]}}