{"id":5947,"date":"2026-01-14T08:42:44","date_gmt":"2026-01-14T08:42:44","guid":{"rendered":"https:\/\/arazpiercingjewellery.com\/?post_type=product&#038;p=5947"},"modified":"2026-02-19T11:16:03","modified_gmt":"2026-02-19T11:16:03","slug":"crystal-palm","status":"publish","type":"product","link":"https:\/\/arazpiercingjewellery.com\/de\/shop\/crystal-palm\/","title":{"rendered":"Crystal Palm"},"content":{"rendered":"","protected":false},"excerpt":{"rendered":"<p>Sonsuz bir yaz r\u00fcyas\u0131. <b data-path-to-node=\"2\" data-index-in-node=\"24\">Crystal Palm<\/b>, egzotik palmiye sil\u00fcetini kristal ta\u015flar\u0131n ferahlat\u0131c\u0131 \u0131\u015f\u0131lt\u0131s\u0131yla bulu\u015fturarak kula\u011f\u0131n\u0131za tropikal bir esinti getiriyor. G\u00f6vdesindeki ince doku i\u015f\u00e7ili\u011fi (bark texture) ve yapraklar\u0131n\u0131 s\u00fcsleyen parlak ta\u015flar, tatil ruhunu zarif bir m\u00fccevher \u015f\u0131kl\u0131\u011f\u0131yla birle\u015ftirir. Kula\u011f\u0131n\u0131zda (tragus, helix veya lobe) her mevsim g\u00fcne\u015fli ve enerjik bir stil ta\u015f\u0131mak isteyenler i\u00e7in.<\/p>","protected":false},"featured_media":5949,"comment_status":"open","ping_status":"closed","template":"","meta":[],"product_cat":[39],"product_tag":[],"class_list":{"0":"post-5947","1":"product","2":"type-product","3":"status-publish","4":"has-post-thumbnail","6":"product_cat-tragus","8":"first","9":"instock","10":"taxable","11":"shipping-taxable","12":"purchasable","13":"product-type-simple"},"aioseo_notices":[],"_links":{"self":[{"href":"https:\/\/arazpiercingjewellery.com\/de\/wp-json\/wp\/v2\/product\/5947","targetHints":{"allow":["GET"]}}],"collection":[{"href":"https:\/\/arazpiercingjewellery.com\/de\/wp-json\/wp\/v2\/product"}],"about":[{"href":"https:\/\/arazpiercingjewellery.com\/de\/wp-json\/wp\/v2\/types\/product"}],"replies":[{"embeddable":true,"href":"https:\/\/arazpiercingjewellery.com\/de\/wp-json\/wp\/v2\/comments?post=5947"}],"version-history":[{"count":1,"href":"https:\/\/arazpiercingjewellery.com\/de\/wp-json\/wp\/v2\/product\/5947\/revisions"}],"predecessor-version":[{"id":5950,"href":"https:\/\/arazpiercingjewellery.com\/de\/wp-json\/wp\/v2\/product\/5947\/revisions\/5950"}],"wp:featuredmedia":[{"embeddable":true,"href":"https:\/\/arazpiercingjewellery.com\/de\/wp-json\/wp\/v2\/media\/5949"}],"wp:attachment":[{"href":"https:\/\/arazpiercingjewellery.com\/de\/wp-json\/wp\/v2\/media?parent=5947"}],"wp:term":[{"taxonomy":"product_cat","embeddable":true,"href":"https:\/\/arazpiercingjewellery.com\/de\/wp-json\/wp\/v2\/product_cat?post=5947"},{"taxonomy":"product_tag","embeddable":true,"href":"https:\/\/arazpiercingjewellery.com\/de\/wp-json\/wp\/v2\/product_tag?post=5947"}],"curies":[{"name":"wp","href":"https:\/\/api.w.org\/{rel}","templated":true}]}}