{"id":5943,"date":"2026-01-14T08:32:12","date_gmt":"2026-01-14T08:32:12","guid":{"rendered":"https:\/\/arazpiercingjewellery.com\/?post_type=product&#038;p=5943"},"modified":"2026-02-19T11:16:44","modified_gmt":"2026-02-19T11:16:44","slug":"golden-serpent","status":"publish","type":"product","link":"https:\/\/arazpiercingjewellery.com\/de\/shop\/golden-serpent\/","title":{"rendered":"Golden Serpent"},"content":{"rendered":"","protected":false},"excerpt":{"rendered":"<p>Gizemli, asil ve b\u00fcy\u00fcleyici. <b data-path-to-node=\"2\" data-index-in-node=\"30\">Golden Serpent<\/b>, bilgeli\u011fin ve sonsuz yenilenmenin kadim sembol\u00fc olan y\u0131lan fig\u00fcr\u00fcn\u00fc modern bir m\u00fccevher sanat\u0131na d\u00f6n\u00fc\u015ft\u00fcr\u00fcyor. Yumu\u015fak k\u0131vr\u0131mlarla s\u00fcz\u00fclen p\u00fcr\u00fczs\u00fcz alt\u0131n g\u00f6vdesi, ba\u015f k\u0131sm\u0131na yerle\u015ftirilen tek kristal ta\u015f\u0131n net \u0131\u015f\u0131lt\u0131s\u0131yla ta\u00e7land\u0131r\u0131lm\u0131\u015ft\u0131r. Minimalist ama bir o kadar da iddial\u0131 olan bu tasar\u0131m, kula\u011f\u0131n\u0131zda (tragus, helix, flat veya lobe) hem c\u00fcretkar hem de zarif bir imza b\u0131rak\u0131r.<\/p>","protected":false},"featured_media":5945,"comment_status":"open","ping_status":"closed","template":"","meta":[],"product_cat":[39],"product_tag":[],"class_list":{"0":"post-5943","1":"product","2":"type-product","3":"status-publish","4":"has-post-thumbnail","6":"product_cat-tragus","8":"first","9":"instock","10":"taxable","11":"shipping-taxable","12":"purchasable","13":"product-type-simple"},"aioseo_notices":[],"_links":{"self":[{"href":"https:\/\/arazpiercingjewellery.com\/de\/wp-json\/wp\/v2\/product\/5943","targetHints":{"allow":["GET"]}}],"collection":[{"href":"https:\/\/arazpiercingjewellery.com\/de\/wp-json\/wp\/v2\/product"}],"about":[{"href":"https:\/\/arazpiercingjewellery.com\/de\/wp-json\/wp\/v2\/types\/product"}],"replies":[{"embeddable":true,"href":"https:\/\/arazpiercingjewellery.com\/de\/wp-json\/wp\/v2\/comments?post=5943"}],"version-history":[{"count":1,"href":"https:\/\/arazpiercingjewellery.com\/de\/wp-json\/wp\/v2\/product\/5943\/revisions"}],"predecessor-version":[{"id":5946,"href":"https:\/\/arazpiercingjewellery.com\/de\/wp-json\/wp\/v2\/product\/5943\/revisions\/5946"}],"wp:featuredmedia":[{"embeddable":true,"href":"https:\/\/arazpiercingjewellery.com\/de\/wp-json\/wp\/v2\/media\/5945"}],"wp:attachment":[{"href":"https:\/\/arazpiercingjewellery.com\/de\/wp-json\/wp\/v2\/media?parent=5943"}],"wp:term":[{"taxonomy":"product_cat","embeddable":true,"href":"https:\/\/arazpiercingjewellery.com\/de\/wp-json\/wp\/v2\/product_cat?post=5943"},{"taxonomy":"product_tag","embeddable":true,"href":"https:\/\/arazpiercingjewellery.com\/de\/wp-json\/wp\/v2\/product_tag?post=5943"}],"curies":[{"name":"wp","href":"https:\/\/api.w.org\/{rel}","templated":true}]}}