{"id":5936,"date":"2026-01-14T08:24:58","date_gmt":"2026-01-14T08:24:58","guid":{"rendered":"https:\/\/arazpiercingjewellery.com\/?post_type=product&#038;p=5936"},"modified":"2026-02-19T11:16:58","modified_gmt":"2026-02-19T11:16:58","slug":"golden-pingu","status":"publish","type":"product","link":"https:\/\/arazpiercingjewellery.com\/de\/shop\/golden-pingu\/","title":{"rendered":"Golden Pingu"},"content":{"rendered":"","protected":false},"excerpt":{"rendered":"<p>Kutuplar\u0131n en sevimli misafiri \u015fimdi kula\u011f\u0131n\u0131zda. <b data-path-to-node=\"2\" data-index-in-node=\"51\">Golden Pingu<\/b>, buzullar\u0131n ne\u015feli maskotu pengueni, g\u00f6vdesini kaplayan kristal ta\u015flar\u0131n buz gibi \u0131\u015f\u0131lt\u0131s\u0131yla yeniden yorumluyor. Alt\u0131n (gold) gaga ve ayak detaylar\u0131yla tamamlanan bu sempatik fig\u00fcr, hem k\u0131\u015f\u0131n asaletini hem de kalpleri \u0131s\u0131tan bir sevimlili\u011fi temsil eder. Kula\u011f\u0131n\u0131zda (tragus, helix veya lobe) e\u011flenceli ama bir o kadar da zarif bir stil yaratmak isteyenler i\u00e7in.<\/p>","protected":false},"featured_media":5941,"comment_status":"open","ping_status":"closed","template":"","meta":[],"product_cat":[39],"product_tag":[],"class_list":{"0":"post-5936","1":"product","2":"type-product","3":"status-publish","4":"has-post-thumbnail","6":"product_cat-tragus","8":"first","9":"instock","10":"taxable","11":"shipping-taxable","12":"purchasable","13":"product-type-simple"},"aioseo_notices":[],"_links":{"self":[{"href":"https:\/\/arazpiercingjewellery.com\/de\/wp-json\/wp\/v2\/product\/5936","targetHints":{"allow":["GET"]}}],"collection":[{"href":"https:\/\/arazpiercingjewellery.com\/de\/wp-json\/wp\/v2\/product"}],"about":[{"href":"https:\/\/arazpiercingjewellery.com\/de\/wp-json\/wp\/v2\/types\/product"}],"replies":[{"embeddable":true,"href":"https:\/\/arazpiercingjewellery.com\/de\/wp-json\/wp\/v2\/comments?post=5936"}],"version-history":[{"count":1,"href":"https:\/\/arazpiercingjewellery.com\/de\/wp-json\/wp\/v2\/product\/5936\/revisions"}],"predecessor-version":[{"id":5942,"href":"https:\/\/arazpiercingjewellery.com\/de\/wp-json\/wp\/v2\/product\/5936\/revisions\/5942"}],"wp:featuredmedia":[{"embeddable":true,"href":"https:\/\/arazpiercingjewellery.com\/de\/wp-json\/wp\/v2\/media\/5941"}],"wp:attachment":[{"href":"https:\/\/arazpiercingjewellery.com\/de\/wp-json\/wp\/v2\/media?parent=5936"}],"wp:term":[{"taxonomy":"product_cat","embeddable":true,"href":"https:\/\/arazpiercingjewellery.com\/de\/wp-json\/wp\/v2\/product_cat?post=5936"},{"taxonomy":"product_tag","embeddable":true,"href":"https:\/\/arazpiercingjewellery.com\/de\/wp-json\/wp\/v2\/product_tag?post=5936"}],"curies":[{"name":"wp","href":"https:\/\/api.w.org\/{rel}","templated":true}]}}