{"id":5935,"date":"2026-01-14T07:57:59","date_gmt":"2026-01-14T07:57:59","guid":{"rendered":"https:\/\/arazpiercingjewellery.com\/?post_type=product&#038;p=5935"},"modified":"2026-02-19T11:17:17","modified_gmt":"2026-02-19T11:17:17","slug":"crystal-ribbon","status":"publish","type":"product","link":"https:\/\/arazpiercingjewellery.com\/de\/shop\/crystal-ribbon\/","title":{"rendered":"Crystal Ribbon"},"content":{"rendered":"","protected":false},"excerpt":{"rendered":"<p>Kendinize verdi\u011finiz en zarif hediye. <b data-path-to-node=\"2\" data-index-in-node=\"39\">Crystal Ribbon<\/b>, son d\u00f6nemin g\u00f6zdesi &#8216;coquette&#8217; esteti\u011fini, klasik fiyonk formunun en \u0131\u015f\u0131lt\u0131l\u0131 haliyle yorumluyor. Merkezindeki d\u00fc\u011f\u00fcm noktas\u0131na ve kurdele u\u00e7lar\u0131na yerle\u015ftirilen kristal ta\u015flar, yumu\u015fak alt\u0131n k\u0131vr\u0131mlar\u0131na hareket ve par\u0131lt\u0131 katar. Kula\u011f\u0131n\u0131zda (tragus, helix veya lobe) hem romantik hem de \u00e7ok \u015f\u0131k bir son dokunu\u015f yaratmak i\u00e7in tasarland\u0131.<\/p>","protected":false},"featured_media":5938,"comment_status":"open","ping_status":"closed","template":"","meta":[],"product_cat":[39],"product_tag":[],"class_list":{"0":"post-5935","1":"product","2":"type-product","3":"status-publish","4":"has-post-thumbnail","6":"product_cat-tragus","8":"first","9":"instock","10":"taxable","11":"shipping-taxable","12":"purchasable","13":"product-type-simple"},"aioseo_notices":[],"_links":{"self":[{"href":"https:\/\/arazpiercingjewellery.com\/de\/wp-json\/wp\/v2\/product\/5935","targetHints":{"allow":["GET"]}}],"collection":[{"href":"https:\/\/arazpiercingjewellery.com\/de\/wp-json\/wp\/v2\/product"}],"about":[{"href":"https:\/\/arazpiercingjewellery.com\/de\/wp-json\/wp\/v2\/types\/product"}],"replies":[{"embeddable":true,"href":"https:\/\/arazpiercingjewellery.com\/de\/wp-json\/wp\/v2\/comments?post=5935"}],"version-history":[{"count":1,"href":"https:\/\/arazpiercingjewellery.com\/de\/wp-json\/wp\/v2\/product\/5935\/revisions"}],"predecessor-version":[{"id":5939,"href":"https:\/\/arazpiercingjewellery.com\/de\/wp-json\/wp\/v2\/product\/5935\/revisions\/5939"}],"wp:featuredmedia":[{"embeddable":true,"href":"https:\/\/arazpiercingjewellery.com\/de\/wp-json\/wp\/v2\/media\/5938"}],"wp:attachment":[{"href":"https:\/\/arazpiercingjewellery.com\/de\/wp-json\/wp\/v2\/media?parent=5935"}],"wp:term":[{"taxonomy":"product_cat","embeddable":true,"href":"https:\/\/arazpiercingjewellery.com\/de\/wp-json\/wp\/v2\/product_cat?post=5935"},{"taxonomy":"product_tag","embeddable":true,"href":"https:\/\/arazpiercingjewellery.com\/de\/wp-json\/wp\/v2\/product_tag?post=5935"}],"curies":[{"name":"wp","href":"https:\/\/api.w.org\/{rel}","templated":true}]}}