{"id":5926,"date":"2026-01-13T13:22:06","date_gmt":"2026-01-13T13:22:06","guid":{"rendered":"https:\/\/arazpiercingjewellery.com\/?post_type=product&#038;p=5926"},"modified":"2026-02-19T11:17:29","modified_gmt":"2026-02-19T11:17:29","slug":"crystal-clover","status":"publish","type":"product","link":"https:\/\/arazpiercingjewellery.com\/de\/shop\/crystal-clover\/","title":{"rendered":"Crystal Clover"},"content":{"rendered":"","protected":false},"excerpt":{"rendered":"<p>\u015eans\u0131n en \u0131\u015f\u0131lt\u0131l\u0131 t\u0131ls\u0131m\u0131. <b data-path-to-node=\"2\" data-index-in-node=\"29\">Crystal Clover<\/b>, efsanevi d\u00f6rt yaprakl\u0131 yonca fig\u00fcr\u00fcn\u00fc, her bir yapra\u011f\u0131na i\u015flenen kristal ta\u015flarla modern bir m\u00fccevhere d\u00f6n\u00fc\u015ft\u00fcr\u00fcyor. Belirgin sap detay\u0131, kalp formundaki yapraklar\u0131 ve alt\u0131n \u00e7er\u00e7evesiyle hem do\u011fan\u0131n zarafetini hem de iyi \u015fans\u0131n enerjisini ta\u015f\u0131r. Kula\u011f\u0131n\u0131zda (tragus, helix veya lobe) her daim yan\u0131n\u0131zda olacak, zarif bir u\u011fur.<\/p>","protected":false},"featured_media":5923,"comment_status":"open","ping_status":"closed","template":"","meta":[],"product_cat":[39],"product_tag":[],"class_list":{"0":"post-5926","1":"product","2":"type-product","3":"status-publish","4":"has-post-thumbnail","6":"product_cat-tragus","8":"first","9":"instock","10":"taxable","11":"shipping-taxable","12":"purchasable","13":"product-type-simple"},"aioseo_notices":[],"_links":{"self":[{"href":"https:\/\/arazpiercingjewellery.com\/de\/wp-json\/wp\/v2\/product\/5926","targetHints":{"allow":["GET"]}}],"collection":[{"href":"https:\/\/arazpiercingjewellery.com\/de\/wp-json\/wp\/v2\/product"}],"about":[{"href":"https:\/\/arazpiercingjewellery.com\/de\/wp-json\/wp\/v2\/types\/product"}],"replies":[{"embeddable":true,"href":"https:\/\/arazpiercingjewellery.com\/de\/wp-json\/wp\/v2\/comments?post=5926"}],"version-history":[{"count":2,"href":"https:\/\/arazpiercingjewellery.com\/de\/wp-json\/wp\/v2\/product\/5926\/revisions"}],"predecessor-version":[{"id":5930,"href":"https:\/\/arazpiercingjewellery.com\/de\/wp-json\/wp\/v2\/product\/5926\/revisions\/5930"}],"wp:featuredmedia":[{"embeddable":true,"href":"https:\/\/arazpiercingjewellery.com\/de\/wp-json\/wp\/v2\/media\/5923"}],"wp:attachment":[{"href":"https:\/\/arazpiercingjewellery.com\/de\/wp-json\/wp\/v2\/media?parent=5926"}],"wp:term":[{"taxonomy":"product_cat","embeddable":true,"href":"https:\/\/arazpiercingjewellery.com\/de\/wp-json\/wp\/v2\/product_cat?post=5926"},{"taxonomy":"product_tag","embeddable":true,"href":"https:\/\/arazpiercingjewellery.com\/de\/wp-json\/wp\/v2\/product_tag?post=5926"}],"curies":[{"name":"wp","href":"https:\/\/api.w.org\/{rel}","templated":true}]}}