{"id":5920,"date":"2026-01-13T13:20:40","date_gmt":"2026-01-13T13:20:40","guid":{"rendered":"https:\/\/arazpiercingjewellery.com\/?post_type=product&#038;p=5920"},"modified":"2026-02-19T11:17:56","modified_gmt":"2026-02-19T11:17:56","slug":"golden-sunburst","status":"publish","type":"product","link":"https:\/\/arazpiercingjewellery.com\/de\/shop\/golden-sunburst\/","title":{"rendered":"Golden Sunburst"},"content":{"rendered":"","protected":false},"excerpt":{"rendered":"<p>G\u00fcc\u00fcn\u00fc \u0131\u015f\u0131\u011f\u0131ndan alanlar i\u00e7in. <b data-path-to-node=\"2\" data-index-in-node=\"32\">Golden Sunburst<\/b>, merkezindeki yo\u011fun kristal \u0131\u015f\u0131lt\u0131s\u0131n\u0131 \u00e7evreleyen keskin alt\u0131n h\u00fczmeleriyle g\u00fcne\u015fi kula\u011f\u0131n\u0131za do\u011furuyor. Geometrik ve modern tasar\u0131m\u0131, sadece \u015f\u0131k bir aksesuar de\u011fil, ayn\u0131 zamanda y\u00fcksek bir ya\u015fam enerjisi sembol\u00fcd\u00fcr. Kula\u011f\u0131nda (tragus, helix veya lobe) s\u00f6nmeyen bir \u0131\u015f\u0131k ve dinamizm ta\u015f\u0131mak isteyenler i\u00e7in tasarland\u0131.<\/p>","protected":false},"featured_media":5921,"comment_status":"open","ping_status":"closed","template":"","meta":[],"product_cat":[39],"product_tag":[],"class_list":{"0":"post-5920","1":"product","2":"type-product","3":"status-publish","4":"has-post-thumbnail","6":"product_cat-tragus","8":"first","9":"instock","10":"taxable","11":"shipping-taxable","12":"purchasable","13":"product-type-simple"},"aioseo_notices":[],"_links":{"self":[{"href":"https:\/\/arazpiercingjewellery.com\/de\/wp-json\/wp\/v2\/product\/5920","targetHints":{"allow":["GET"]}}],"collection":[{"href":"https:\/\/arazpiercingjewellery.com\/de\/wp-json\/wp\/v2\/product"}],"about":[{"href":"https:\/\/arazpiercingjewellery.com\/de\/wp-json\/wp\/v2\/types\/product"}],"replies":[{"embeddable":true,"href":"https:\/\/arazpiercingjewellery.com\/de\/wp-json\/wp\/v2\/comments?post=5920"}],"version-history":[{"count":1,"href":"https:\/\/arazpiercingjewellery.com\/de\/wp-json\/wp\/v2\/product\/5920\/revisions"}],"predecessor-version":[{"id":5925,"href":"https:\/\/arazpiercingjewellery.com\/de\/wp-json\/wp\/v2\/product\/5920\/revisions\/5925"}],"wp:featuredmedia":[{"embeddable":true,"href":"https:\/\/arazpiercingjewellery.com\/de\/wp-json\/wp\/v2\/media\/5921"}],"wp:attachment":[{"href":"https:\/\/arazpiercingjewellery.com\/de\/wp-json\/wp\/v2\/media?parent=5920"}],"wp:term":[{"taxonomy":"product_cat","embeddable":true,"href":"https:\/\/arazpiercingjewellery.com\/de\/wp-json\/wp\/v2\/product_cat?post=5920"},{"taxonomy":"product_tag","embeddable":true,"href":"https:\/\/arazpiercingjewellery.com\/de\/wp-json\/wp\/v2\/product_tag?post=5920"}],"curies":[{"name":"wp","href":"https:\/\/api.w.org\/{rel}","templated":true}]}}