{"id":5916,"date":"2026-01-13T13:12:19","date_gmt":"2026-01-13T13:12:19","guid":{"rendered":"https:\/\/arazpiercingjewellery.com\/?post_type=product&#038;p=5916"},"modified":"2026-02-19T11:18:18","modified_gmt":"2026-02-19T11:18:18","slug":"golden-rhythm","status":"publish","type":"product","link":"https:\/\/arazpiercingjewellery.com\/de\/shop\/golden-rhythm\/","title":{"rendered":"Golden Rhythm"},"content":{"rendered":"","protected":false},"excerpt":{"rendered":"<p>Hayat\u0131n ak\u0131\u015f\u0131na e\u015flik eden zarif bir melodi. <b data-path-to-node=\"2\" data-index-in-node=\"46\">Golden Rhythm<\/b>, m\u00fczi\u011fin en zarif sembol\u00fc olan Sol Anahtar\u0131&#8217;n\u0131, p\u00fcr\u00fczs\u00fcz alt\u0131n (gold) dokusuyla ve formun g\u00fcc\u00fcne odaklanarak sunuyor. Ta\u015fs\u0131z, ak\u0131c\u0131 ve k\u0131vr\u0131ml\u0131 tasar\u0131m\u0131yla kula\u011f\u0131n\u0131zda (tragus, helix veya lobe) sanki dans ediyormu\u015f gibi zarif bir hareketlilik yarat\u0131r. M\u00fczi\u011fi sadece dinleyenler de\u011fil, ruhunda hissedenler i\u00e7in tasarland\u0131.<\/p>","protected":false},"featured_media":5918,"comment_status":"open","ping_status":"closed","template":"","meta":[],"product_cat":[39],"product_tag":[],"class_list":{"0":"post-5916","1":"product","2":"type-product","3":"status-publish","4":"has-post-thumbnail","6":"product_cat-tragus","8":"first","9":"instock","10":"taxable","11":"shipping-taxable","12":"purchasable","13":"product-type-simple"},"aioseo_notices":[],"_links":{"self":[{"href":"https:\/\/arazpiercingjewellery.com\/de\/wp-json\/wp\/v2\/product\/5916","targetHints":{"allow":["GET"]}}],"collection":[{"href":"https:\/\/arazpiercingjewellery.com\/de\/wp-json\/wp\/v2\/product"}],"about":[{"href":"https:\/\/arazpiercingjewellery.com\/de\/wp-json\/wp\/v2\/types\/product"}],"replies":[{"embeddable":true,"href":"https:\/\/arazpiercingjewellery.com\/de\/wp-json\/wp\/v2\/comments?post=5916"}],"version-history":[{"count":1,"href":"https:\/\/arazpiercingjewellery.com\/de\/wp-json\/wp\/v2\/product\/5916\/revisions"}],"predecessor-version":[{"id":5919,"href":"https:\/\/arazpiercingjewellery.com\/de\/wp-json\/wp\/v2\/product\/5916\/revisions\/5919"}],"wp:featuredmedia":[{"embeddable":true,"href":"https:\/\/arazpiercingjewellery.com\/de\/wp-json\/wp\/v2\/media\/5918"}],"wp:attachment":[{"href":"https:\/\/arazpiercingjewellery.com\/de\/wp-json\/wp\/v2\/media?parent=5916"}],"wp:term":[{"taxonomy":"product_cat","embeddable":true,"href":"https:\/\/arazpiercingjewellery.com\/de\/wp-json\/wp\/v2\/product_cat?post=5916"},{"taxonomy":"product_tag","embeddable":true,"href":"https:\/\/arazpiercingjewellery.com\/de\/wp-json\/wp\/v2\/product_tag?post=5916"}],"curies":[{"name":"wp","href":"https:\/\/api.w.org\/{rel}","templated":true}]}}