{"id":5914,"date":"2026-01-13T13:08:05","date_gmt":"2026-01-13T13:08:05","guid":{"rendered":"https:\/\/arazpiercingjewellery.com\/?post_type=product&#038;p=5914"},"modified":"2026-02-19T11:18:26","modified_gmt":"2026-02-19T11:18:26","slug":"angelic","status":"publish","type":"product","link":"https:\/\/arazpiercingjewellery.com\/de\/shop\/angelic\/","title":{"rendered":"Angelic"},"content":{"rendered":"","protected":false},"excerpt":{"rendered":"<p>Masallar\u0131n sihirli dokunu\u015fu kula\u011f\u0131n\u0131zda. <b data-path-to-node=\"2\" data-index-in-node=\"42\">Angelic<\/b>, stilize edilmi\u015f zarif peri sil\u00fcetini, g\u00f6vdesindeki kristal ta\u015flar\u0131n \u0131\u015f\u0131lt\u0131s\u0131yla canland\u0131r\u0131yor. P\u00fcr\u00fczs\u00fcz alt\u0131n kanad\u0131 ve minimalist formuyla hayalleri ve hafifli\u011fi simgeleyen bu tasar\u0131m, kula\u011f\u0131n\u0131zda (tragus, helix veya lobe) fantastik bir d\u00fcnya yarat\u0131r. G\u00fcnl\u00fck stiline biraz sihir, biraz da \u0131\u015f\u0131lt\u0131 katmak isteyenler i\u00e7in tasarland\u0131.<\/p>","protected":false},"featured_media":5933,"comment_status":"open","ping_status":"closed","template":"","meta":[],"product_cat":[39],"product_tag":[],"class_list":{"0":"post-5914","1":"product","2":"type-product","3":"status-publish","4":"has-post-thumbnail","6":"product_cat-tragus","8":"first","9":"instock","10":"taxable","11":"shipping-taxable","12":"purchasable","13":"product-type-simple"},"aioseo_notices":[],"_links":{"self":[{"href":"https:\/\/arazpiercingjewellery.com\/de\/wp-json\/wp\/v2\/product\/5914","targetHints":{"allow":["GET"]}}],"collection":[{"href":"https:\/\/arazpiercingjewellery.com\/de\/wp-json\/wp\/v2\/product"}],"about":[{"href":"https:\/\/arazpiercingjewellery.com\/de\/wp-json\/wp\/v2\/types\/product"}],"replies":[{"embeddable":true,"href":"https:\/\/arazpiercingjewellery.com\/de\/wp-json\/wp\/v2\/comments?post=5914"}],"version-history":[{"count":2,"href":"https:\/\/arazpiercingjewellery.com\/de\/wp-json\/wp\/v2\/product\/5914\/revisions"}],"predecessor-version":[{"id":5934,"href":"https:\/\/arazpiercingjewellery.com\/de\/wp-json\/wp\/v2\/product\/5914\/revisions\/5934"}],"wp:featuredmedia":[{"embeddable":true,"href":"https:\/\/arazpiercingjewellery.com\/de\/wp-json\/wp\/v2\/media\/5933"}],"wp:attachment":[{"href":"https:\/\/arazpiercingjewellery.com\/de\/wp-json\/wp\/v2\/media?parent=5914"}],"wp:term":[{"taxonomy":"product_cat","embeddable":true,"href":"https:\/\/arazpiercingjewellery.com\/de\/wp-json\/wp\/v2\/product_cat?post=5914"},{"taxonomy":"product_tag","embeddable":true,"href":"https:\/\/arazpiercingjewellery.com\/de\/wp-json\/wp\/v2\/product_tag?post=5914"}],"curies":[{"name":"wp","href":"https:\/\/api.w.org\/{rel}","templated":true}]}}