{"id":5909,"date":"2026-01-12T15:25:01","date_gmt":"2026-01-12T15:25:01","guid":{"rendered":"https:\/\/arazpiercingjewellery.com\/?post_type=product&#038;p=5909"},"modified":"2026-02-19T11:18:34","modified_gmt":"2026-02-19T11:18:34","slug":"frozen-flower","status":"publish","type":"product","link":"https:\/\/arazpiercingjewellery.com\/de\/shop\/frozen-flower\/","title":{"rendered":"Frozen Flower"},"content":{"rendered":"","protected":false},"excerpt":{"rendered":"<p>Zaman\u0131n dondu\u011fu o b\u00fcy\u00fcleyici an. <b data-path-to-node=\"2\" data-index-in-node=\"34\">Frozen Flower<\/b>, buz tutmu\u015f bir \u00e7i\u00e7e\u011fin kristalize g\u00fczelli\u011fini ve kusursuz simetrisini kula\u011f\u0131n\u0131za ta\u015f\u0131yor. Merkezdeki ta\u015f\u0131 \u00e7evreleyen \u0131\u015f\u0131lt\u0131l\u0131 hare, hem bir kar tanesinin so\u011fuk asaletini hem de a\u00e7an bir \u00e7i\u00e7e\u011fin zarafetini ayn\u0131 anda yans\u0131t\u0131r. Kula\u011f\u0131nda (tragus, helix veya lobe) mevsimsiz ve masals\u0131 bir \u015f\u0131kl\u0131k yaratmak isteyenler i\u00e7in tasarland\u0131.<\/p>","protected":false},"featured_media":5910,"comment_status":"open","ping_status":"closed","template":"","meta":[],"product_cat":[39],"product_tag":[],"class_list":{"0":"post-5909","1":"product","2":"type-product","3":"status-publish","4":"has-post-thumbnail","6":"product_cat-tragus","8":"first","9":"instock","10":"taxable","11":"shipping-taxable","12":"purchasable","13":"product-type-simple"},"aioseo_notices":[],"_links":{"self":[{"href":"https:\/\/arazpiercingjewellery.com\/de\/wp-json\/wp\/v2\/product\/5909","targetHints":{"allow":["GET"]}}],"collection":[{"href":"https:\/\/arazpiercingjewellery.com\/de\/wp-json\/wp\/v2\/product"}],"about":[{"href":"https:\/\/arazpiercingjewellery.com\/de\/wp-json\/wp\/v2\/types\/product"}],"replies":[{"embeddable":true,"href":"https:\/\/arazpiercingjewellery.com\/de\/wp-json\/wp\/v2\/comments?post=5909"}],"version-history":[{"count":2,"href":"https:\/\/arazpiercingjewellery.com\/de\/wp-json\/wp\/v2\/product\/5909\/revisions"}],"predecessor-version":[{"id":5913,"href":"https:\/\/arazpiercingjewellery.com\/de\/wp-json\/wp\/v2\/product\/5909\/revisions\/5913"}],"wp:featuredmedia":[{"embeddable":true,"href":"https:\/\/arazpiercingjewellery.com\/de\/wp-json\/wp\/v2\/media\/5910"}],"wp:attachment":[{"href":"https:\/\/arazpiercingjewellery.com\/de\/wp-json\/wp\/v2\/media?parent=5909"}],"wp:term":[{"taxonomy":"product_cat","embeddable":true,"href":"https:\/\/arazpiercingjewellery.com\/de\/wp-json\/wp\/v2\/product_cat?post=5909"},{"taxonomy":"product_tag","embeddable":true,"href":"https:\/\/arazpiercingjewellery.com\/de\/wp-json\/wp\/v2\/product_tag?post=5909"}],"curies":[{"name":"wp","href":"https:\/\/api.w.org\/{rel}","templated":true}]}}