{"id":5905,"date":"2026-01-12T15:08:01","date_gmt":"2026-01-12T15:08:01","guid":{"rendered":"https:\/\/arazpiercingjewellery.com\/?post_type=product&#038;p=5905"},"modified":"2026-02-19T11:19:16","modified_gmt":"2026-02-19T11:19:16","slug":"crystal-harmony","status":"publish","type":"product","link":"https:\/\/arazpiercingjewellery.com\/de\/shop\/crystal-harmony\/","title":{"rendered":"Crystal Harmony"},"content":{"rendered":"","protected":false},"excerpt":{"rendered":"<p>Ruhundaki dengeyi \u0131\u015f\u0131lt\u0131nla yans\u0131t. <b data-path-to-node=\"2\" data-index-in-node=\"37\">Crystal Harmony<\/b>, evrensel bar\u0131\u015f ve uyum sembol\u00fcn\u00fc \u0131\u015f\u0131lt\u0131l\u0131 bir kristal \u00e7emberiyle (halo) ta\u00e7land\u0131r\u0131yor. Merkezdeki alt\u0131n dokunu\u015f ve etraf\u0131n\u0131 saran ta\u015flar\u0131n kusursuz dizilimi, kula\u011f\u0131nda (tragus, helix veya lobe) hem anlaml\u0131 bir mesaj hem de zarif bir odak noktas\u0131 olu\u015fturur. Sadece bir aksesuar de\u011fil, i\u00e7 huzurun \u015f\u0131k bir d\u0131\u015favurumu.<\/p>","protected":false},"featured_media":5907,"comment_status":"open","ping_status":"closed","template":"","meta":[],"product_cat":[39],"product_tag":[],"class_list":{"0":"post-5905","1":"product","2":"type-product","3":"status-publish","4":"has-post-thumbnail","6":"product_cat-tragus","8":"first","9":"instock","10":"taxable","11":"shipping-taxable","12":"purchasable","13":"product-type-simple"},"aioseo_notices":[],"_links":{"self":[{"href":"https:\/\/arazpiercingjewellery.com\/de\/wp-json\/wp\/v2\/product\/5905","targetHints":{"allow":["GET"]}}],"collection":[{"href":"https:\/\/arazpiercingjewellery.com\/de\/wp-json\/wp\/v2\/product"}],"about":[{"href":"https:\/\/arazpiercingjewellery.com\/de\/wp-json\/wp\/v2\/types\/product"}],"replies":[{"embeddable":true,"href":"https:\/\/arazpiercingjewellery.com\/de\/wp-json\/wp\/v2\/comments?post=5905"}],"version-history":[{"count":1,"href":"https:\/\/arazpiercingjewellery.com\/de\/wp-json\/wp\/v2\/product\/5905\/revisions"}],"predecessor-version":[{"id":5908,"href":"https:\/\/arazpiercingjewellery.com\/de\/wp-json\/wp\/v2\/product\/5905\/revisions\/5908"}],"wp:featuredmedia":[{"embeddable":true,"href":"https:\/\/arazpiercingjewellery.com\/de\/wp-json\/wp\/v2\/media\/5907"}],"wp:attachment":[{"href":"https:\/\/arazpiercingjewellery.com\/de\/wp-json\/wp\/v2\/media?parent=5905"}],"wp:term":[{"taxonomy":"product_cat","embeddable":true,"href":"https:\/\/arazpiercingjewellery.com\/de\/wp-json\/wp\/v2\/product_cat?post=5905"},{"taxonomy":"product_tag","embeddable":true,"href":"https:\/\/arazpiercingjewellery.com\/de\/wp-json\/wp\/v2\/product_tag?post=5905"}],"curies":[{"name":"wp","href":"https:\/\/api.w.org\/{rel}","templated":true}]}}