{"id":5900,"date":"2026-01-12T15:03:08","date_gmt":"2026-01-12T15:03:08","guid":{"rendered":"https:\/\/arazpiercingjewellery.com\/?post_type=product&#038;p=5900"},"modified":"2026-02-19T11:19:36","modified_gmt":"2026-02-19T11:19:36","slug":"mini-daisy","status":"publish","type":"product","link":"https:\/\/arazpiercingjewellery.com\/de\/shop\/mini-daisy\/","title":{"rendered":"Mini Daisy"},"content":{"rendered":"<p>Masumiyetin en \u0131\u015f\u0131lt\u0131l\u0131 hali.<\/p>","protected":false},"excerpt":{"rendered":"<p>\u0130lkbahar\u0131n tazeli\u011fi kula\u011f\u0131n\u0131zda. <b data-path-to-node=\"2\" data-index-in-node=\"34\">Mini Daisy<\/b>, papatyan\u0131n masum g\u00fczelli\u011fini be\u015f adet \u0131\u015f\u0131lt\u0131l\u0131 ta\u015fla stilize ederek minimalist bir \u015fahesere d\u00f6n\u00fc\u015ft\u00fcr\u00fcyor. K\u00fc\u00e7\u00fck ve narin boyutu sayesinde kulak kombinlerinde (stacking) harika bir tamamlay\u0131c\u0131d\u0131r; ister ikinci\/\u00fc\u00e7\u00fcnc\u00fc deliklerde, ister tragus veya helix b\u00f6lgesinde zarif bir \u00e7i\u00e7ek a\u00e7t\u0131r\u0131r. Do\u011fall\u0131\u011f\u0131 ve \u0131\u015f\u0131lt\u0131y\u0131 sadelikle bulu\u015fturmak isteyenler i\u00e7in.<\/p>","protected":false},"featured_media":5902,"comment_status":"open","ping_status":"closed","template":"","meta":[],"product_cat":[39],"product_tag":[],"class_list":{"0":"post-5900","1":"product","2":"type-product","3":"status-publish","4":"has-post-thumbnail","6":"product_cat-tragus","8":"first","9":"instock","10":"taxable","11":"shipping-taxable","12":"purchasable","13":"product-type-simple"},"aioseo_notices":[],"_links":{"self":[{"href":"https:\/\/arazpiercingjewellery.com\/de\/wp-json\/wp\/v2\/product\/5900","targetHints":{"allow":["GET"]}}],"collection":[{"href":"https:\/\/arazpiercingjewellery.com\/de\/wp-json\/wp\/v2\/product"}],"about":[{"href":"https:\/\/arazpiercingjewellery.com\/de\/wp-json\/wp\/v2\/types\/product"}],"replies":[{"embeddable":true,"href":"https:\/\/arazpiercingjewellery.com\/de\/wp-json\/wp\/v2\/comments?post=5900"}],"version-history":[{"count":2,"href":"https:\/\/arazpiercingjewellery.com\/de\/wp-json\/wp\/v2\/product\/5900\/revisions"}],"predecessor-version":[{"id":5904,"href":"https:\/\/arazpiercingjewellery.com\/de\/wp-json\/wp\/v2\/product\/5900\/revisions\/5904"}],"wp:featuredmedia":[{"embeddable":true,"href":"https:\/\/arazpiercingjewellery.com\/de\/wp-json\/wp\/v2\/media\/5902"}],"wp:attachment":[{"href":"https:\/\/arazpiercingjewellery.com\/de\/wp-json\/wp\/v2\/media?parent=5900"}],"wp:term":[{"taxonomy":"product_cat","embeddable":true,"href":"https:\/\/arazpiercingjewellery.com\/de\/wp-json\/wp\/v2\/product_cat?post=5900"},{"taxonomy":"product_tag","embeddable":true,"href":"https:\/\/arazpiercingjewellery.com\/de\/wp-json\/wp\/v2\/product_tag?post=5900"}],"curies":[{"name":"wp","href":"https:\/\/api.w.org\/{rel}","templated":true}]}}