{"id":5895,"date":"2026-01-12T13:06:24","date_gmt":"2026-01-12T13:06:24","guid":{"rendered":"https:\/\/arazpiercingjewellery.com\/?post_type=product&#038;p=5895"},"modified":"2026-02-19T11:19:51","modified_gmt":"2026-02-19T11:19:51","slug":"crystal-bar","status":"publish","type":"product","link":"https:\/\/arazpiercingjewellery.com\/de\/shop\/crystal-bar\/","title":{"rendered":"Crystal Bar"},"content":{"rendered":"<p>Minimalizmin en \u00e7arp\u0131c\u0131 hali. <b data-path-to-node=\"2\" data-index-in-node=\"31\">Crystal Bar<\/b>, be\u015f adet kusursuz kristal ta\u015f\u0131 dikey bir formda s\u0131ralayarak kula\u011f\u0131nda modern bir \u0131\u015f\u0131k huzmesi yarat\u0131yor. Geometrik tasar\u0131m\u0131 sayesinde hem tek ba\u015f\u0131na net bir duru\u015f sergiler hem de \u00e7oklu kulak kombinlerinde (stacking) aralar\u0131 dolduran m\u00fckemmel bir tamamlay\u0131c\u0131d\u0131r. Modern, zarif ve zamans\u0131z bir dokunu\u015f.<\/p>","protected":false},"excerpt":{"rendered":"<p>Net \u00e7izgiler, modern \u0131\u015f\u0131lt\u0131.<\/p>","protected":false},"featured_media":5897,"comment_status":"open","ping_status":"closed","template":"","meta":[],"product_cat":[39],"product_tag":[],"class_list":{"0":"post-5895","1":"product","2":"type-product","3":"status-publish","4":"has-post-thumbnail","6":"product_cat-tragus","8":"first","9":"instock","10":"taxable","11":"shipping-taxable","12":"purchasable","13":"product-type-simple"},"aioseo_notices":[],"_links":{"self":[{"href":"https:\/\/arazpiercingjewellery.com\/de\/wp-json\/wp\/v2\/product\/5895","targetHints":{"allow":["GET"]}}],"collection":[{"href":"https:\/\/arazpiercingjewellery.com\/de\/wp-json\/wp\/v2\/product"}],"about":[{"href":"https:\/\/arazpiercingjewellery.com\/de\/wp-json\/wp\/v2\/types\/product"}],"replies":[{"embeddable":true,"href":"https:\/\/arazpiercingjewellery.com\/de\/wp-json\/wp\/v2\/comments?post=5895"}],"version-history":[{"count":2,"href":"https:\/\/arazpiercingjewellery.com\/de\/wp-json\/wp\/v2\/product\/5895\/revisions"}],"predecessor-version":[{"id":5899,"href":"https:\/\/arazpiercingjewellery.com\/de\/wp-json\/wp\/v2\/product\/5895\/revisions\/5899"}],"wp:featuredmedia":[{"embeddable":true,"href":"https:\/\/arazpiercingjewellery.com\/de\/wp-json\/wp\/v2\/media\/5897"}],"wp:attachment":[{"href":"https:\/\/arazpiercingjewellery.com\/de\/wp-json\/wp\/v2\/media?parent=5895"}],"wp:term":[{"taxonomy":"product_cat","embeddable":true,"href":"https:\/\/arazpiercingjewellery.com\/de\/wp-json\/wp\/v2\/product_cat?post=5895"},{"taxonomy":"product_tag","embeddable":true,"href":"https:\/\/arazpiercingjewellery.com\/de\/wp-json\/wp\/v2\/product_tag?post=5895"}],"curies":[{"name":"wp","href":"https:\/\/api.w.org\/{rel}","templated":true}]}}