{"id":5891,"date":"2026-01-12T13:01:40","date_gmt":"2026-01-12T13:01:40","guid":{"rendered":"https:\/\/arazpiercingjewellery.com\/?post_type=product&#038;p=5891"},"modified":"2026-02-19T11:20:04","modified_gmt":"2026-02-19T11:20:04","slug":"golden-doxie","status":"publish","type":"product","link":"https:\/\/arazpiercingjewellery.com\/de\/shop\/golden-doxie\/","title":{"rendered":"Golden Doxie"},"content":{"rendered":"<p>Hayvan sevgisinin en sempatik ve stil sahibi ifadesi. <b data-path-to-node=\"2\" data-index-in-node=\"55\">Golden Doxie<\/b>, ikonik Dachshund (sosis k\u00f6pek) sil\u00fcetini p\u00fcr\u00fczs\u00fcz alt\u0131n (gold) dokusuyla kulaklar\u0131na ta\u015f\u0131yor. Ta\u015fs\u0131z, minimalist ve \u00fc\u00e7 boyutlu formuyla hem modern hem de \u00e7ok e\u011flenceli bir duru\u015f sergiliyor. Kula\u011f\u0131nda (tragus, helix veya lobe) sad\u0131k ve sevimli bir yol arkada\u015f\u0131 ta\u015f\u0131mak isteyenler i\u00e7in tasarland\u0131.<\/p>","protected":false},"excerpt":{"rendered":"<p>En sad\u0131k, en \u015f\u0131k yol arkada\u015f\u0131n.<\/p>","protected":false},"featured_media":5893,"comment_status":"open","ping_status":"closed","template":"","meta":[],"product_cat":[39],"product_tag":[],"class_list":{"0":"post-5891","1":"product","2":"type-product","3":"status-publish","4":"has-post-thumbnail","6":"product_cat-tragus","8":"first","9":"instock","10":"sale","11":"taxable","12":"shipping-taxable","13":"purchasable","14":"product-type-simple"},"aioseo_notices":[],"_links":{"self":[{"href":"https:\/\/arazpiercingjewellery.com\/de\/wp-json\/wp\/v2\/product\/5891","targetHints":{"allow":["GET"]}}],"collection":[{"href":"https:\/\/arazpiercingjewellery.com\/de\/wp-json\/wp\/v2\/product"}],"about":[{"href":"https:\/\/arazpiercingjewellery.com\/de\/wp-json\/wp\/v2\/types\/product"}],"replies":[{"embeddable":true,"href":"https:\/\/arazpiercingjewellery.com\/de\/wp-json\/wp\/v2\/comments?post=5891"}],"version-history":[{"count":1,"href":"https:\/\/arazpiercingjewellery.com\/de\/wp-json\/wp\/v2\/product\/5891\/revisions"}],"predecessor-version":[{"id":5894,"href":"https:\/\/arazpiercingjewellery.com\/de\/wp-json\/wp\/v2\/product\/5891\/revisions\/5894"}],"wp:featuredmedia":[{"embeddable":true,"href":"https:\/\/arazpiercingjewellery.com\/de\/wp-json\/wp\/v2\/media\/5893"}],"wp:attachment":[{"href":"https:\/\/arazpiercingjewellery.com\/de\/wp-json\/wp\/v2\/media?parent=5891"}],"wp:term":[{"taxonomy":"product_cat","embeddable":true,"href":"https:\/\/arazpiercingjewellery.com\/de\/wp-json\/wp\/v2\/product_cat?post=5891"},{"taxonomy":"product_tag","embeddable":true,"href":"https:\/\/arazpiercingjewellery.com\/de\/wp-json\/wp\/v2\/product_tag?post=5891"}],"curies":[{"name":"wp","href":"https:\/\/api.w.org\/{rel}","templated":true}]}}