{"id":5886,"date":"2026-01-12T12:55:49","date_gmt":"2026-01-12T12:55:49","guid":{"rendered":"https:\/\/arazpiercingjewellery.com\/?post_type=product&#038;p=5886"},"modified":"2026-02-19T11:25:16","modified_gmt":"2026-02-19T11:25:16","slug":"golden-maple","status":"publish","type":"product","link":"https:\/\/arazpiercingjewellery.com\/de\/shop\/golden-maple\/","title":{"rendered":"Golden Maple"},"content":{"rendered":"<p>Do\u011fan\u0131n en s\u0131cak ve romantik dokunu\u015fu. <b data-path-to-node=\"2\" data-index-in-node=\"40\">Golden Maple<\/b>, sonbahar\u0131n simgesi olan zarif ak\u00e7aa\u011fa\u00e7 yapra\u011f\u0131n\u0131, alt\u0131n\u0131n zengin tonu ve kristal ta\u015flar\u0131n par\u0131lt\u0131s\u0131yla \u00f6l\u00fcms\u00fczle\u015ftiriyor. Mevsimlerin \u00f6tesinde bir \u015f\u0131kl\u0131k sunan bu tasar\u0131m, kulak kombinlerinde (tragus, helix veya lobe) hem nat\u00fcralist hem de sofistike bir r\u00fczgar estiriyor. Do\u011fayla olan ba\u011f\u0131n\u0131 \u0131\u015f\u0131lt\u0131yla yans\u0131tmak isteyenler i\u00e7in tasarland\u0131.<\/p>","protected":false},"excerpt":{"rendered":"<p>Do\u011fan\u0131n alt\u0131n imzas\u0131.<\/p>","protected":false},"featured_media":5888,"comment_status":"open","ping_status":"closed","template":"","meta":[],"product_cat":[39],"product_tag":[],"class_list":{"0":"post-5886","1":"product","2":"type-product","3":"status-publish","4":"has-post-thumbnail","6":"product_cat-tragus","8":"first","9":"instock","10":"taxable","11":"shipping-taxable","12":"purchasable","13":"product-type-simple"},"aioseo_notices":[],"_links":{"self":[{"href":"https:\/\/arazpiercingjewellery.com\/de\/wp-json\/wp\/v2\/product\/5886","targetHints":{"allow":["GET"]}}],"collection":[{"href":"https:\/\/arazpiercingjewellery.com\/de\/wp-json\/wp\/v2\/product"}],"about":[{"href":"https:\/\/arazpiercingjewellery.com\/de\/wp-json\/wp\/v2\/types\/product"}],"replies":[{"embeddable":true,"href":"https:\/\/arazpiercingjewellery.com\/de\/wp-json\/wp\/v2\/comments?post=5886"}],"version-history":[{"count":2,"href":"https:\/\/arazpiercingjewellery.com\/de\/wp-json\/wp\/v2\/product\/5886\/revisions"}],"predecessor-version":[{"id":5890,"href":"https:\/\/arazpiercingjewellery.com\/de\/wp-json\/wp\/v2\/product\/5886\/revisions\/5890"}],"wp:featuredmedia":[{"embeddable":true,"href":"https:\/\/arazpiercingjewellery.com\/de\/wp-json\/wp\/v2\/media\/5888"}],"wp:attachment":[{"href":"https:\/\/arazpiercingjewellery.com\/de\/wp-json\/wp\/v2\/media?parent=5886"}],"wp:term":[{"taxonomy":"product_cat","embeddable":true,"href":"https:\/\/arazpiercingjewellery.com\/de\/wp-json\/wp\/v2\/product_cat?post=5886"},{"taxonomy":"product_tag","embeddable":true,"href":"https:\/\/arazpiercingjewellery.com\/de\/wp-json\/wp\/v2\/product_tag?post=5886"}],"curies":[{"name":"wp","href":"https:\/\/api.w.org\/{rel}","templated":true}]}}