{"id":5881,"date":"2026-01-12T12:47:13","date_gmt":"2026-01-12T12:47:13","guid":{"rendered":"https:\/\/arazpiercingjewellery.com\/?post_type=product&#038;p=5881"},"modified":"2026-02-19T11:25:30","modified_gmt":"2026-02-19T11:25:30","slug":"sparkling-clover","status":"publish","type":"product","link":"https:\/\/arazpiercingjewellery.com\/de\/shop\/sparkling-clover\/","title":{"rendered":"Sparkling Clover"},"content":{"rendered":"<p>\u015eans hi\u00e7 bu kadar g\u00f6z al\u0131c\u0131 olmam\u0131\u015ft\u0131. <b data-path-to-node=\"2\" data-index-in-node=\"40\">Sparkling Clover<\/b>, d\u00f6rt yaprakl\u0131 yoncan\u0131n efsanevi u\u011furunu kristal ta\u015flar\u0131n b\u00fcy\u00fcleyici \u0131\u015f\u0131lt\u0131s\u0131yla bulu\u015fturuyor. Her bir yapra\u011f\u0131ndaki ince ta\u015f i\u015f\u00e7ili\u011fi, kula\u011f\u0131nda (tragus, helix veya lobe) hem zarif bir \u00e7i\u00e7ek etkisi yarat\u0131r hem de g\u00fcn\u00fcne pozitif bir enerji katar. I\u015f\u0131lt\u0131s\u0131yla \u015fans\u0131n\u0131 her an yan\u0131nda ta\u015f\u0131mak isteyenler i\u00e7in tasarland\u0131.<\/p>","protected":false},"excerpt":{"rendered":"<p>\u015eans\u0131n en parlak hali.<\/p>","protected":false},"featured_media":5883,"comment_status":"open","ping_status":"closed","template":"","meta":[],"product_cat":[39],"product_tag":[],"class_list":{"0":"post-5881","1":"product","2":"type-product","3":"status-publish","4":"has-post-thumbnail","6":"product_cat-tragus","8":"first","9":"instock","10":"taxable","11":"shipping-taxable","12":"purchasable","13":"product-type-simple"},"aioseo_notices":[],"_links":{"self":[{"href":"https:\/\/arazpiercingjewellery.com\/de\/wp-json\/wp\/v2\/product\/5881","targetHints":{"allow":["GET"]}}],"collection":[{"href":"https:\/\/arazpiercingjewellery.com\/de\/wp-json\/wp\/v2\/product"}],"about":[{"href":"https:\/\/arazpiercingjewellery.com\/de\/wp-json\/wp\/v2\/types\/product"}],"replies":[{"embeddable":true,"href":"https:\/\/arazpiercingjewellery.com\/de\/wp-json\/wp\/v2\/comments?post=5881"}],"version-history":[{"count":2,"href":"https:\/\/arazpiercingjewellery.com\/de\/wp-json\/wp\/v2\/product\/5881\/revisions"}],"predecessor-version":[{"id":5885,"href":"https:\/\/arazpiercingjewellery.com\/de\/wp-json\/wp\/v2\/product\/5881\/revisions\/5885"}],"wp:featuredmedia":[{"embeddable":true,"href":"https:\/\/arazpiercingjewellery.com\/de\/wp-json\/wp\/v2\/media\/5883"}],"wp:attachment":[{"href":"https:\/\/arazpiercingjewellery.com\/de\/wp-json\/wp\/v2\/media?parent=5881"}],"wp:term":[{"taxonomy":"product_cat","embeddable":true,"href":"https:\/\/arazpiercingjewellery.com\/de\/wp-json\/wp\/v2\/product_cat?post=5881"},{"taxonomy":"product_tag","embeddable":true,"href":"https:\/\/arazpiercingjewellery.com\/de\/wp-json\/wp\/v2\/product_tag?post=5881"}],"curies":[{"name":"wp","href":"https:\/\/api.w.org\/{rel}","templated":true}]}}